{"id":24868,"date":"2009-01-09T09:00:22","date_gmt":"2009-01-09T08:00:22","guid":{"rendered":"http:\/\/www.ilevia.com\/contact-us\/"},"modified":"2024-10-04T16:18:32","modified_gmt":"2024-10-04T14:18:32","slug":"contatti","status":"publish","type":"page","link":"https:\/\/www.ilevia.com\/it\/contatti\/","title":{"rendered":"Contatti"},"content":{"rendered":"[et_pb_section fb_built=&#8221;1&#8243; _builder_version=&#8221;4.16&#8243; _module_preset=&#8221;default&#8221; custom_padding=&#8221;50px||25px||false|false&#8221; collapsed=&#8221;off&#8221; global_colors_info=&#8221;{}&#8221;][et_pb_row _builder_version=&#8221;4.16&#8243; _module_preset=&#8221;default&#8221; collapsed=&#8221;off&#8221; global_colors_info=&#8221;{}&#8221;][et_pb_column type=&#8221;4_4&#8243; _builder_version=&#8221;4.16&#8243; _module_preset=&#8221;default&#8221; global_colors_info=&#8221;{}&#8221;][et_pb_text _builder_version=&#8221;4.16&#8243; _module_preset=&#8221;default&#8221; text_font_size=&#8221;16px&#8221; text_line_height=&#8221;1.8em&#8221; global_colors_info=&#8221;{}&#8221;]\n<h1 class=\"mb-sm mt-xlg small\" style=\"text-align: center;\">METTIAMOCI IN CONTATTO<\/h1>\n[\/et_pb_text][et_pb_text _builder_version=&#8221;4.16&#8243; _module_preset=&#8221;default&#8221; text_font_size=&#8221;16px&#8221; text_line_height=&#8221;1.8em&#8221; global_colors_info=&#8221;{}&#8221;]\n<p class=\"mb-sm mt-xlg small\" style=\"text-align: center;\">Hai un nuovo progetto da sviluppare oppure uno esistente da ottimizzare?<br \/>Mandaci un messaggio e capiamo assieme come possiamo aiutarti.<\/p>\n[\/et_pb_text][\/et_pb_column][\/et_pb_row][\/et_pb_section][et_pb_section fb_built=&#8221;1&#8243; specialty=&#8221;on&#8221; disabled_on=&#8221;on|on|off&#8221; _builder_version=&#8221;4.16.0&#8243; _module_preset=&#8221;default&#8221; global_colors_info=&#8221;{}&#8221;][et_pb_column type=&#8221;1_3&#8243; _builder_version=&#8221;4.16&#8243; custom_padding=&#8221;|||&#8221; global_colors_info=&#8221;{}&#8221; custom_padding__hover=&#8221;|||&#8221;][et_pb_text _builder_version=&#8221;4.16&#8243; _module_preset=&#8221;default&#8221; text_line_height=&#8221;2em&#8221; global_colors_info=&#8221;{}&#8221;]\n<h3><strong>ILEVIA SRL<\/strong><\/h3>\n<p>Quartiere Pr\u00e8, 45<br \/>36061 Bassano del Grappa (VI) \u2013 Italia<br \/>P.IVA IT03516500240<br \/>REA VI-331703<br \/>Codice SDI W7YVJK9<br \/>PEC ilevia@pec.it<br \/>Tel. +39 0424 480034<br \/>E-mail: info@ilevia.com<\/p>\n[\/et_pb_text][et_pb_text _builder_version=&#8221;4.27.0&#8243; _module_preset=&#8221;default&#8221; text_line_height=&#8221;2em&#8221; hover_enabled=&#8221;0&#8243; global_colors_info=&#8221;{}&#8221; sticky_enabled=&#8221;0&#8243;]\n<h3><strong>ORARIO UFFICIO<\/strong><\/h3>\n<p><strong>Luned\u00ec &#8211; Venerd\u00ec<br \/><\/strong>8:30 &#8211; 12:30 | 14:00 &#8211; 18:00<\/p>\n[\/et_pb_text][\/et_pb_column][et_pb_column type=&#8221;2_3&#8243; specialty_columns=&#8221;2&#8243; _builder_version=&#8221;4.16&#8243; custom_padding=&#8221;|||&#8221; global_colors_info=&#8221;{}&#8221; custom_padding__hover=&#8221;|||&#8221;][et_pb_row_inner _builder_version=&#8221;4.16&#8243; _module_preset=&#8221;default&#8221; global_colors_info=&#8221;{}&#8221;][et_pb_column_inner saved_specialty_column_type=&#8221;3_4&#8243; _builder_version=&#8221;4.16&#8243; _module_preset=&#8221;default&#8221; global_colors_info=&#8221;{}&#8221;][et_pb_code disabled_on=&#8221;on|on|&#8221; _builder_version=&#8221;4.16&#8243; custom_margin=&#8221;-30px||-50px||false|false&#8221; z_index_tablet=&#8221;500&#8243; global_colors_info=&#8221;{}&#8221;]<iframe frameborder=\"0\" style=\"height:660px;width:100%;border:none;\" src='https:\/\/forms.zohopublic.com\/ilevia\/form\/ContactFormIleviaIT\/formperma\/3u-lNODl24lLhq9TWpc34o3HT3uTHRzLnLK9bdp6gNA'><\/iframe>[\/et_pb_code][et_pb_code disabled_on=&#8221;off|off|on&#8221; _builder_version=&#8221;4.16&#8243; custom_margin=&#8221;-30px||-75px||false|false&#8221; z_index_tablet=&#8221;500&#8243; global_colors_info=&#8221;{}&#8221;]<iframe frameborder=\"0\" style=\"height:1050px;width:100%;border:none;\" src='https:\/\/forms.zohopublic.com\/ilevia\/form\/ContactFormIleviaIT\/formperma\/3u-lNODl24lLhq9TWpc34o3HT3uTHRzLnLK9bdp6gNA'><\/iframe>[\/et_pb_code][\/et_pb_column_inner][\/et_pb_row_inner][\/et_pb_column][\/et_pb_section][et_pb_section fb_built=&#8221;1&#8243; specialty=&#8221;on&#8221; disabled_on=&#8221;off|off|on&#8221; _builder_version=&#8221;4.16.0&#8243; _module_preset=&#8221;default&#8221; custom_padding=&#8221;||||false|false&#8221; global_colors_info=&#8221;{}&#8221;][et_pb_column type=&#8221;2_3&#8243; specialty_columns=&#8221;2&#8243; _builder_version=&#8221;4.16&#8243; custom_padding=&#8221;|||&#8221; global_colors_info=&#8221;{}&#8221; custom_padding__hover=&#8221;|||&#8221;][et_pb_row_inner _builder_version=&#8221;4.16&#8243; _module_preset=&#8221;default&#8221; global_colors_info=&#8221;{}&#8221;][et_pb_column_inner saved_specialty_column_type=&#8221;3_4&#8243; _builder_version=&#8221;4.16&#8243; _module_preset=&#8221;default&#8221; global_colors_info=&#8221;{}&#8221;][et_pb_code disabled_on=&#8221;on|on|&#8221; _builder_version=&#8221;4.16&#8243; custom_margin=&#8221;-30px||-50px||false|false&#8221; z_index_tablet=&#8221;500&#8243; global_colors_info=&#8221;{}&#8221;]<iframe frameborder=\"0\" style=\"height:660px;width:100%;border:none;\" src='https:\/\/forms.zohopublic.com\/ilevia\/form\/ContactFormIleviaIT\/formperma\/3u-lNODl24lLhq9TWpc34o3HT3uTHRzLnLK9bdp6gNA'><\/iframe>[\/et_pb_code][et_pb_code disabled_on=&#8221;off|off|on&#8221; _builder_version=&#8221;4.16&#8243; custom_margin=&#8221;-30px||-75px||false|false&#8221; z_index_tablet=&#8221;500&#8243; global_colors_info=&#8221;{}&#8221;]<iframe frameborder=\"0\" style=\"height:1050px;width:100%;border:none;\" src='https:\/\/forms.zohopublic.com\/ilevia\/form\/ContactFormIleviaIT\/formperma\/3u-lNODl24lLhq9TWpc34o3HT3uTHRzLnLK9bdp6gNA'><\/iframe>[\/et_pb_code][\/et_pb_column_inner][\/et_pb_row_inner][\/et_pb_column][et_pb_column type=&#8221;1_3&#8243; _builder_version=&#8221;4.16&#8243; custom_padding=&#8221;|||&#8221; global_colors_info=&#8221;{}&#8221; custom_padding__hover=&#8221;|||&#8221;][et_pb_text _builder_version=&#8221;4.16&#8243; _module_preset=&#8221;default&#8221; text_line_height=&#8221;2em&#8221; global_colors_info=&#8221;{}&#8221;]\n<h3><strong>ILEVIA SRL<\/strong><\/h3>\n<p>Quartiere Pr\u00e8, 45<br \/>36061 Bassano del Grappa (VI) \u2013 Italia<br \/>P.IVA IT03516500240<br \/>REA VI-331703<br \/>Codice SDI W7YVJK9<br \/>PEC ilevia@pec.it<br \/>Tel. +39 0424 480034<br \/>E-mail: info@ilevia.com<\/p>\n[\/et_pb_text][et_pb_text _builder_version=&#8221;4.27.0&#8243; _module_preset=&#8221;default&#8221; text_line_height=&#8221;2em&#8221; custom_padding=&#8221;||50px||false|false&#8221; hover_enabled=&#8221;0&#8243; global_colors_info=&#8221;{}&#8221; sticky_enabled=&#8221;0&#8243;]\n<h3><strong>ORARIO UFFICIO<\/strong><\/h3>\n<p><strong>Luned\u00ec &#8211; Venerd\u00ec<br \/><\/strong>8:30 &#8211; 12:30 |14:00 &#8211; 18:00<\/p>\n[\/et_pb_text][\/et_pb_column][\/et_pb_section][et_pb_section fb_built=&#8221;1&#8243; fullwidth=&#8221;on&#8221; _builder_version=&#8221;4.16&#8243; _module_preset=&#8221;default&#8221; global_colors_info=&#8221;{}&#8221;][et_pb_fullwidth_map address=&#8221;Quartiere Pr\u00e8, 45, 36061 Bassano del Grappa VI, Italia&#8221; zoom_level=&#8221;15&#8243; address_lat=&#8221;45.734309156681&#8243; address_lng=&#8221;11.706097268787&#8243; mouse_wheel=&#8221;off&#8221; mobile_dragging=&#8221;off&#8221; _builder_version=&#8221;4.16&#8243; _module_preset=&#8221;default&#8221; background_color=&#8221;#f0f0f0&#8243; filter_saturate=&#8221;0%&#8221; global_colors_info=&#8221;{}&#8221;][et_pb_map_pin title=&#8221;Ilevia S.r.l.&#8221; pin_address=&#8221;Quartiere Pr\u00e8, 45, 36061 Bassano del Grappa VI, Italia&#8221; pin_address_lat=&#8221;45.7332907&#8243; pin_address_lng=&#8221;11.7056252&#8243; _builder_version=&#8221;4.15.1&#8243; _module_preset=&#8221;default&#8221; global_colors_info=&#8221;{}&#8221;]\n<p>Quartiere Pr\u00e8, 45<br \/>36061 Bassano del Grappa (VI) \u2013 Italy<\/p>\n[\/et_pb_map_pin][\/et_pb_fullwidth_map][\/et_pb_section]\n","protected":false},"excerpt":{"rendered":"<p>METTIAMOCI IN CONTATTOHai un nuovo progetto da sviluppare oppure uno esistente da ottimizzare?Mandaci un messaggio e capiamo assieme come possiamo aiutarti.ILEVIA SRL Quartiere Pr\u00e8, 4536061 Bassano del Grappa (VI) \u2013 ItaliaP.IVA IT03516500240REA VI-331703Codice SDI W7YVJK9PEC ilevia@pec.itTel. +39 0424 480034E-mail: info@ilevia.comORARIO UFFICIO Luned\u00ec &#8211; Venerd\u00ec8:30 &#8211; 12:30 | 14:00 &#8211; 18:00ILEVIA SRL Quartiere Pr\u00e8, 4536061 Bassano [&hellip;]<\/p>\n","protected":false},"author":18,"featured_media":0,"parent":0,"menu_order":0,"comment_status":"closed","ping_status":"open","template":"","meta":{"_et_pb_use_builder":"on","_et_pb_old_content":"<p><iframe style=\"border: 0;\" src=\"https:\/\/www.google.com\/maps\/embed?pb=!1m18!1m12!1m3!1d2784.8834063302875!2d11.70562400000001!3d45.73343299999999!2m3!1f0!2f0!3f0!3m2!1i1024!2i768!4f13.1!3m3!1m2!1s0x4778cf958ff103a1%3A0xcba27fd42bd6707b!2sIlevia+S.r.l.!5e0!3m2!1sit!2sit!4v1405077667441\" width=\"642\" height=\"302\" frameborder=\"0\"><\/iframe><\/p>","_et_gb_content_width":"","inline_featured_image":false,"_monsterinsights_skip_tracking":false,"_monsterinsights_sitenote_active":false,"_monsterinsights_sitenote_note":"","_monsterinsights_sitenote_category":0,"footnotes":""},"class_list":["post-24868","page","type-page","status-publish","hentry"],"_links":{"self":[{"href":"https:\/\/www.ilevia.com\/it\/wp-json\/wp\/v2\/pages\/24868","targetHints":{"allow":["GET"]}}],"collection":[{"href":"https:\/\/www.ilevia.com\/it\/wp-json\/wp\/v2\/pages"}],"about":[{"href":"https:\/\/www.ilevia.com\/it\/wp-json\/wp\/v2\/types\/page"}],"author":[{"embeddable":true,"href":"https:\/\/www.ilevia.com\/it\/wp-json\/wp\/v2\/users\/18"}],"replies":[{"embeddable":true,"href":"https:\/\/www.ilevia.com\/it\/wp-json\/wp\/v2\/comments?post=24868"}],"version-history":[{"count":0,"href":"https:\/\/www.ilevia.com\/it\/wp-json\/wp\/v2\/pages\/24868\/revisions"}],"wp:attachment":[{"href":"https:\/\/www.ilevia.com\/it\/wp-json\/wp\/v2\/media?parent=24868"}],"curies":[{"name":"wp","href":"https:\/\/api.w.org\/{rel}","templated":true}]}}