{"id":24896,"date":"2012-09-27T11:08:24","date_gmt":"2012-09-27T09:08:24","guid":{"rendered":"http:\/\/www.ilevia.com\/about-us\/"},"modified":"2022-02-18T11:51:20","modified_gmt":"2022-02-18T10:51:20","slug":"about-us","status":"publish","type":"page","link":"https:\/\/www.ilevia.com\/it\/azienda\/about-us\/","title":{"rendered":"Chi siamo"},"content":{"rendered":"[et_pb_section fb_built=&#8221;1&#8243; inner_shadow=&#8221;on&#8221; fullwidth=&#8221;on&#8221; custom_padding_last_edited=&#8221;off|tablet&#8221; admin_label=&#8221;section&#8221; _builder_version=&#8221;3.22&#8243; background_color=&#8221;rgba(255,255,255,0)&#8221; transparent_background=&#8221;on&#8221;][et_pb_fullwidth_image src=&#8221;http:\/\/www.ilevia.com\/wordpress\/wp-content\/uploads\/business-corporate.png&#8221; disabled_on=&#8221;on|on|&#8221; _builder_version=&#8221;3.0.87&#8243; animation_direction=&#8221;off&#8221; animation=&#8221;off&#8221; border_style=&#8221;solid&#8221;][\/et_pb_fullwidth_image][et_pb_fullwidth_header title=&#8221;CHI SIAMO&#8221; text_orientation=&#8221;center&#8221; background_overlay_color=&#8221;rgba(0,0,0,0.2)&#8221; disabled_on=&#8221;||on&#8221; _builder_version=&#8221;3.16&#8243; content_font_size=&#8221;16px&#8221; background_color=&#8221;rgba(255, 255, 255, 0)&#8221; background_image=&#8221;http:\/\/www.ilevia.com\/wordpress\/wp-content\/uploads\/bcbg.png&#8221; content_font_size_tablet=&#8221;14px&#8221; content_font_size_phone=&#8221;&#8221; content_font_size_last_edited=&#8221;on|tablet&#8221; button_one_text_size__hover_enabled=&#8221;off&#8221; button_two_text_size__hover_enabled=&#8221;off&#8221; button_one_text_color__hover_enabled=&#8221;off&#8221; button_two_text_color__hover_enabled=&#8221;off&#8221; button_one_border_width__hover_enabled=&#8221;off&#8221; button_two_border_width__hover_enabled=&#8221;off&#8221; button_one_border_color__hover_enabled=&#8221;off&#8221; button_two_border_color__hover_enabled=&#8221;off&#8221; button_one_border_radius__hover_enabled=&#8221;off&#8221; button_two_border_radius__hover_enabled=&#8221;off&#8221; button_one_letter_spacing__hover_enabled=&#8221;off&#8221; button_two_letter_spacing__hover_enabled=&#8221;off&#8221; button_one_bg_color__hover_enabled=&#8221;off&#8221; button_two_bg_color__hover_enabled=&#8221;off&#8221;][\/et_pb_fullwidth_header][\/et_pb_section][et_pb_section fb_built=&#8221;1&#8243; _builder_version=&#8221;3.22&#8243;][et_pb_row disabled_on=&#8221;on|on|&#8221; _builder_version=&#8221;3.25&#8243;][et_pb_column type=&#8221;4_4&#8243; _builder_version=&#8221;3.25&#8243; custom_padding=&#8221;|||&#8221; custom_padding__hover=&#8221;|||&#8221;][et_pb_text _builder_version=&#8221;3.27.4&#8243; text_font_size=&#8221;16&#8243; background_size=&#8221;initial&#8221; background_position=&#8221;top_left&#8221; background_repeat=&#8221;repeat&#8221; text_font_size_tablet=&#8221;14&#8243; text_font_size_phone=&#8221;&#8221; text_font_size_last_edited=&#8221;on|desktop&#8221; header_font_size_tablet=&#8221;&#8221; header_font_size_phone=&#8221;&#8221; header_font_size_last_edited=&#8221;on|desktop&#8221; border_style=&#8221;solid&#8221;]\n<h1><span style=\"color: #303231;\"><strong>CHI SIAMO<\/strong><\/span><\/h1>\n[\/et_pb_text][et_pb_text _builder_version=&#8221;4.0.2&#8243; text_font_size=&#8221;16&#8243; header_font=&#8221;Lato|on|||&#8221; header_font_size=&#8221;35px&#8221; custom_padding=&#8221;||30px|&#8221; text_font_size_tablet=&#8221;14&#8243; text_font_size_phone=&#8221;&#8221; text_font_size_last_edited=&#8221;on|tablet&#8221; header_font_size_tablet=&#8221;22px&#8221; header_font_size_phone=&#8221;&#8221; header_font_size_last_edited=&#8221;on|desktop&#8221; border_style=&#8221;solid&#8221;]\n<p>ILEVIA \u00e8 una realt\u00e0 giovane e dinamica, \u00e8 stata fondata nel 2008 a seguito della creazione di un team di sviluppo per la storica azienda <a href=\"http:\/\/www.saeimpianti.it\/\" target=\"_blank\" rel=\"noopener noreferrer\"><em>SAE Impianti<\/em><\/a> che opera nel settore dell\u2019impiantistica elettrica industriale e civile dal 1966. Grazie alla preziosa collaborazione ed al continuo confronto con installatori evoluti \u00e8 nata una nuova ed innovativa soluzione di supervisione domotica per case ed edifici. Ogni aspetto del sistema sviluppato \u00e8 stato progettato da ingegneri italiani provenienti da esperienze lavorative complementari: progettazione e sviluppo software, elettronica ed impiantistica. I principi guida sono da sempre integrazione e facilit\u00e0 di utilizzo, entrambe caratteristiche volte a risolvere le problematiche dei professionisti. Negli anni la Societ\u00e0 ha assunto una posizione di assoluto rilievo sia nel mercato Italiano che in quello Internazionale diventando vero e proprio punto di riferimento nel settore. L\u2019azienda offre infatti una stabile ed avanzata tecnologia che integra i migliori standard di automazione, i pi\u00f9 affidabili sistemi proprietari uniti alle pi\u00f9 recenti tecnologie per la Smart Home e l\u2019IoT (assistenti vocali Google ed Amazon, servizi Web, etc.). Il campo di applicazione della soluzione spazia dalla smart home all\u2019industria per l\u2019ottimizzazione dei processi, a prodotti OEM personalizzati.<\/p>\n[\/et_pb_text][et_pb_text _builder_version=&#8221;3.27.4&#8243; text_font_size=&#8221;16&#8243; text_font_size_tablet=&#8221;14&#8243; text_font_size_phone=&#8221;&#8221; text_font_size_last_edited=&#8221;on|tablet&#8221; border_style=&#8221;solid&#8221;]\n<h3>MISSION:\u00a0Il benessere al primo posto<\/h3>\n<p>Crediamo che l\u2019automazione degli ambienti possa migliorare la qualit\u00e0 della vita attraverso la soddisfazione di bisogni quotidiani come il comfort, la sicurezza, la gestione dei consumi, il risparmio energetico. Un prodotto pi\u00f9 vicino alle esigenze reali, quelle di tutti i giorni.\u00a0Il nostro impegno per rendere questo una realt\u00e0 a portata di tutti si concentra in un prodotto dall\u2019incredibile immediatezza e velocit\u00e0 di risposta.\u00a0Ed \u00e8 proprio per tutti questi motivi che abbiamo creato un sistema per controllare la casa come nessuno lo aveva mai pensato prima, ma come tutti lo vorrebbero.<br \/>\n[\/et_pb_text][et_pb_text _builder_version=&#8221;3.27.4&#8243; text_font_size=&#8221;16&#8243; text_font_size_tablet=&#8221;14&#8243; text_font_size_phone=&#8221;&#8221; text_font_size_last_edited=&#8221;on|tablet&#8221; border_style=&#8221;solid&#8221;]\n<h3>VISION: Innovazione e facilit\u00e0 di utilizzo<\/h3>\n<p>Produciamo e distribuiamo prodotti e servizi che favoriscono lo sviluppo dell\u2019automazione negli edifici privati, pubblici ed industriali.\u00a0I prodotti sono pensati, progettati e sviluppati per poter gestire l\u2019edificio intelligente, un\u2019ambiente opportunamente progettato e tecnologicamente attrezzato per rendere pi\u00f9 agevoli le attivit\u00e0 all\u2019interno degli edifici, aumentarne la sicurezza, garantire il risparmio energetico e consentire la connessione a distanza, il tutto con la massima velocit\u00e0 e facilit\u00e0 di utilizzo.<br \/>\n[\/et_pb_text][\/et_pb_column][\/et_pb_row][et_pb_row use_custom_gutter=&#8221;on&#8221; gutter_width=&#8221;1&#8243; _builder_version=&#8221;4.0.2&#8243; custom_margin=&#8221;40px||||false|false&#8221; custom_padding=&#8221;||40px|&#8221;][et_pb_column type=&#8221;4_4&#8243; _builder_version=&#8221;3.25&#8243; custom_padding=&#8221;|||&#8221; custom_padding__hover=&#8221;|||&#8221;][et_pb_text _builder_version=&#8221;3.27.4&#8243; text_font_size=&#8221;16&#8243; text_orientation=&#8221;center&#8221; module_alignment=&#8221;center&#8221; custom_margin=&#8221;||40px|&#8221; text_font_size_tablet=&#8221;14&#8243; text_font_size_phone=&#8221;&#8221; text_font_size_last_edited=&#8221;on|tablet&#8221; border_style=&#8221;solid&#8221;]\n<h1>IL NOSTRO<strong> PORTFOLIO<\/strong><\/h1>\n[\/et_pb_text][et_pb_gallery gallery_ids=&#8221;37339,37336,37338,37337,37329,37328,37340,37330,37335,37334,37333,37332,37331&#8243; posts_number=&#8221;12&#8243; show_title_and_caption=&#8221;off&#8221; show_pagination=&#8221;off&#8221; hover_overlay_color=&#8221;rgba(255,255,255,0)&#8221; module_class=&#8221;grayscale&#8221; _builder_version=&#8221;3.9&#8243; custom_css_gallery_item=&#8221;padding: 3px&#8221; border_width_all=&#8221;3px&#8221; border_color_all=&#8221;#f1f3f6&#8243; border_style_all=&#8221;solid&#8221; use_border_color=&#8221;on&#8221; border_color=&#8221;#f1f3f6&#8243; border_width=&#8221;3px&#8221; border_style=&#8221;solid&#8221;][\/et_pb_gallery][\/et_pb_column][\/et_pb_row][\/et_pb_section]\n","protected":false},"excerpt":{"rendered":"<p>CHI SIAMO ILEVIA \u00e8 una realt\u00e0 giovane e dinamica, \u00e8 stata fondata nel 2008 a seguito della creazione di un team di sviluppo per la storica azienda SAE Impianti che opera nel settore dell\u2019impiantistica elettrica industriale e civile dal 1966. Grazie alla preziosa collaborazione ed al continuo confronto con installatori evoluti \u00e8 nata una nuova [&hellip;]<\/p>\n","protected":false},"author":18,"featured_media":0,"parent":31334,"menu_order":0,"comment_status":"closed","ping_status":"open","template":"","meta":{"_et_pb_use_builder":"on","_et_pb_old_content":"","_et_gb_content_width":"","inline_featured_image":false,"_monsterinsights_skip_tracking":false,"_monsterinsights_sitenote_active":false,"_monsterinsights_sitenote_note":"","_monsterinsights_sitenote_category":0,"footnotes":""},"class_list":["post-24896","page","type-page","status-publish","hentry"],"_links":{"self":[{"href":"https:\/\/www.ilevia.com\/it\/wp-json\/wp\/v2\/pages\/24896","targetHints":{"allow":["GET"]}}],"collection":[{"href":"https:\/\/www.ilevia.com\/it\/wp-json\/wp\/v2\/pages"}],"about":[{"href":"https:\/\/www.ilevia.com\/it\/wp-json\/wp\/v2\/types\/page"}],"author":[{"embeddable":true,"href":"https:\/\/www.ilevia.com\/it\/wp-json\/wp\/v2\/users\/18"}],"replies":[{"embeddable":true,"href":"https:\/\/www.ilevia.com\/it\/wp-json\/wp\/v2\/comments?post=24896"}],"version-history":[{"count":0,"href":"https:\/\/www.ilevia.com\/it\/wp-json\/wp\/v2\/pages\/24896\/revisions"}],"up":[{"embeddable":true,"href":"https:\/\/www.ilevia.com\/it\/wp-json\/wp\/v2\/pages\/31334"}],"wp:attachment":[{"href":"https:\/\/www.ilevia.com\/it\/wp-json\/wp\/v2\/media?parent=24896"}],"curies":[{"name":"wp","href":"https:\/\/api.w.org\/{rel}","templated":true}]}}