{"id":26136,"date":"2017-02-09T15:56:10","date_gmt":"2017-02-09T14:56:10","guid":{"rendered":"http:\/\/www.ilevia.com\/demo-license\/"},"modified":"2022-02-18T12:33:25","modified_gmt":"2022-02-18T11:33:25","slug":"licenza-demo","status":"publish","type":"page","link":"https:\/\/www.ilevia.com\/it\/licenza-demo\/","title":{"rendered":"Licenza Demo"},"content":{"rendered":"[et_pb_section fb_built=&#8221;1&#8243; inner_shadow=&#8221;on&#8221; fullwidth=&#8221;on&#8221; custom_padding_last_edited=&#8221;on|desktop&#8221; admin_label=&#8221;section&#8221; _builder_version=&#8221;3.22&#8243; background_color=&#8221;rgba(255,255,255,0)&#8221; custom_padding=&#8221;|||&#8221; custom_padding_tablet=&#8221;50px|0|50px|0&#8243; custom_padding_phone=&#8221;&#8221; transparent_background=&#8221;on&#8221; padding_mobile=&#8221;off&#8221;][et_pb_fullwidth_header title=&#8221;Prova Gratuita EVE Suite&#8221; _builder_version=&#8221;3.16&#8243; title_font_size=&#8221;40px&#8221; subhead_font_size=&#8221;22px&#8221; background_color=&#8221;rgba(10,10,10,0.2)&#8221; button_one_text_size__hover_enabled=&#8221;off&#8221; button_two_text_size__hover_enabled=&#8221;off&#8221; button_one_text_color__hover_enabled=&#8221;off&#8221; button_two_text_color__hover_enabled=&#8221;off&#8221; button_one_border_width__hover_enabled=&#8221;off&#8221; button_two_border_width__hover_enabled=&#8221;off&#8221; button_one_border_color__hover_enabled=&#8221;off&#8221; button_two_border_color__hover_enabled=&#8221;off&#8221; button_one_border_radius__hover_enabled=&#8221;off&#8221; button_two_border_radius__hover_enabled=&#8221;off&#8221; button_one_letter_spacing__hover_enabled=&#8221;off&#8221; button_two_letter_spacing__hover_enabled=&#8221;off&#8221; button_one_bg_color__hover_enabled=&#8221;off&#8221; button_two_bg_color__hover_enabled=&#8221;off&#8221;][\/et_pb_fullwidth_header][\/et_pb_section][et_pb_section fb_built=&#8221;1&#8243; inner_shadow=&#8221;on&#8221; custom_padding_last_edited=&#8221;on|desktop&#8221; _builder_version=&#8221;3.22&#8243; custom_padding_tablet=&#8221;50px|0|50px|0&#8243; custom_padding_phone=&#8221;&#8221; transparent_background=&#8221;off&#8221; padding_mobile=&#8221;off&#8221;][et_pb_row _builder_version=&#8221;3.25&#8243; background_size=&#8221;initial&#8221; background_position=&#8221;top_left&#8221; background_repeat=&#8221;repeat&#8221; column_structure=&#8221;2_3,1_3&#8243;][et_pb_column type=&#8221;2_3&#8243; _builder_version=&#8221;3.25&#8243; custom_padding=&#8221;|||&#8221; custom_padding__hover=&#8221;|||&#8221;][et_pb_image src=&#8221;http:\/\/www.ilevia.com\/wordpress\/wp-content\/uploads\/eve_suite.png&#8221; align_tablet=&#8221;center&#8221; align_last_edited=&#8221;on|desktop&#8221; _builder_version=&#8221;3.23&#8243; max_width=&#8221;200px&#8221; animation_style=&#8221;slide&#8221; animation=&#8221;off&#8221; sticky=&#8221;off&#8221; use_border_color=&#8221;off&#8221; border_color=&#8221;#ffffff&#8221; border_style=&#8221;solid&#8221;][\/et_pb_image][et_pb_text _builder_version=&#8221;3.27.4&#8243; header_font_size=&#8221;35px&#8221; background_size=&#8221;initial&#8221; background_position=&#8221;top_left&#8221; background_repeat=&#8221;repeat&#8221; animation_style=&#8221;flip&#8221; use_border_color=&#8221;off&#8221; border_color=&#8221;#ffffff&#8221; border_style=&#8221;solid&#8221;]\n<h1><span style=\"color: #666666;\">Usa la versione gratuita per i tuoi test<\/span><\/h1>\n[\/et_pb_text][et_pb_text _builder_version=&#8221;3.27.4&#8243; text_font_size=&#8221;16&#8243; background_size=&#8221;initial&#8221; background_position=&#8221;top_left&#8221; background_repeat=&#8221;repeat&#8221; animation_style=&#8221;zoom&#8221; use_border_color=&#8221;off&#8221; border_color=&#8221;#ffffff&#8221; border_style=&#8221;solid&#8221;]<strong>EVE Suite<\/strong> pu\u00f2 essere <strong>scaricato e utilizzato gratuitamente<\/strong>\u00a0per <strong>test<\/strong> e <strong>demo<\/strong>. In questo caso il software del server viene fornito di <strong>tutte le funzionalit\u00e0<\/strong>, ma non licenziato, con durata di <strong>vita limitata<\/strong> e con la possibilit\u00e0 di essere installato su diverse unit\u00e0 hardware: <strong>EVE X1 Server<\/strong>, <strong>Raspberry Pi<\/strong> (possiamo fornire Raspberry <em>preconfigurati<\/em>) o una <strong>macchina virtuale<\/strong>.<\/p>\n<p>Questa licenza demo gratuita scadr\u00e0, ma sar\u00e0 permesso reinstallare il software del server sulla vostra unit\u00e0 hardware tutte le volte che vorrete\u00a0per effettuare test e per comprendere e padroneggiare il prodotto a pieno. Si prega di mettersi in contatto con il nostro ufficio commerciale per info su <a href=\"http:\/\/www.ilevia.com\/it\/come-acquistare\/\">come acquistare<\/a> e come estendere la vita del vostro EVE.<br \/>\n[\/et_pb_text][\/et_pb_column][et_pb_column type=&#8221;1_3&#8243; _builder_version=&#8221;3.25&#8243; custom_padding=&#8221;|||&#8221; custom_padding__hover=&#8221;|||&#8221;][et_pb_image src=&#8221;http:\/\/crm.ilevia.com\/wordpress\/wp-content\/uploads\/image1-300&#215;300.png&#8221; align=&#8221;center&#8221; align_tablet=&#8221;center&#8221; align_last_edited=&#8221;on|desktop&#8221; _builder_version=&#8221;3.23&#8243; max_width=&#8221;250px&#8221; animation_style=&#8221;zoom&#8221; animation=&#8221;off&#8221; sticky=&#8221;off&#8221; use_border_color=&#8221;off&#8221; border_color=&#8221;#ffffff&#8221; border_style=&#8221;solid&#8221;][\/et_pb_image][et_pb_button button_url=&#8221;http:\/\/www.ilevia.com\/it\/prodotti\/eve-suite\/&#8221; button_text=&#8221;Scopri il nostro Software&#8221; button_alignment=&#8221;center&#8221; _builder_version=&#8221;3.16&#8243; custom_button=&#8221;on&#8221; button_text_color=&#8221;#ffffff&#8221; button_bg_color=&#8221;#af0816&#8243; button_icon_color=&#8221;#ffffff&#8221; background_layout=&#8221;dark&#8221; button_text_size__hover_enabled=&#8221;off&#8221; button_one_text_size__hover_enabled=&#8221;off&#8221; button_two_text_size__hover_enabled=&#8221;off&#8221; button_text_color__hover_enabled=&#8221;off&#8221; button_one_text_color__hover_enabled=&#8221;off&#8221; button_two_text_color__hover_enabled=&#8221;off&#8221; button_border_width__hover_enabled=&#8221;off&#8221; button_one_border_width__hover_enabled=&#8221;off&#8221; button_two_border_width__hover_enabled=&#8221;off&#8221; button_border_color__hover_enabled=&#8221;off&#8221; button_one_border_color__hover_enabled=&#8221;off&#8221; button_two_border_color__hover_enabled=&#8221;off&#8221; button_border_radius__hover_enabled=&#8221;off&#8221; button_one_border_radius__hover_enabled=&#8221;off&#8221; button_two_border_radius__hover_enabled=&#8221;off&#8221; button_letter_spacing__hover_enabled=&#8221;off&#8221; button_one_letter_spacing__hover_enabled=&#8221;off&#8221; button_two_letter_spacing__hover_enabled=&#8221;off&#8221; button_bg_color__hover_enabled=&#8221;off&#8221; button_one_bg_color__hover_enabled=&#8221;off&#8221; button_two_bg_color__hover_enabled=&#8221;off&#8221;][\/et_pb_button][\/et_pb_column][\/et_pb_row][et_pb_row padding_mobile=&#8221;off&#8221; make_equal=&#8221;on&#8221; column_padding_mobile=&#8221;on&#8221; _builder_version=&#8221;3.25&#8243; background_size=&#8221;initial&#8221; background_position=&#8221;top_left&#8221; background_repeat=&#8221;repeat&#8221; column_structure=&#8221;1_3,1_3,1_3&#8243;][et_pb_column type=&#8221;1_3&#8243; _builder_version=&#8221;3.25&#8243; background_color=&#8221;#f0f0f0&#8243; custom_padding=&#8221;40px|20px|40px|20px&#8221; custom_padding__hover=&#8221;|||&#8221;][et_pb_blurb title=&#8221;MACCHINA VIRTUALE&#8221; image=&#8221;http:\/\/www.ilevia.com\/wordpress\/wp-content\/uploads\/VirtualMachine_09-02-2017.png&#8221; image_max_width=&#8221;200px&#8221; _builder_version=&#8221;3.9&#8243; header_line_height=&#8221;1.7em&#8221; background_size=&#8221;initial&#8221; background_position=&#8221;top_left&#8221; background_repeat=&#8221;repeat&#8221; text_orientation=&#8221;center&#8221; animation_style=&#8221;zoom&#8221; animation=&#8221;off&#8221; border_style=&#8221;solid&#8221;]Un ambiente applicativo che viene installato sul software e che emula risorse hardware. La virtualizzazione limita i costi cancellando la necessit\u00e0 di acquistare pi\u00f9 sistemi hardware fisici.<\/p>\n<p>&nbsp;<\/p>\n<p><strong>Durata: 7 GIORNI<\/strong>\u00a0(168 ore)<\/p>\n<p><strong>Nuovo setup:<\/strong>\u00a0Illimitate volte<\/p>\n<p><strong>Download:<\/strong>\u00a0Sempre gratuito<br \/>\n[\/et_pb_blurb][et_pb_button button_url=&#8221;http:\/\/www.ilevia.com\/it\/learning-centre\/system-setup\/virtual-machine&#8221; url_new_window=&#8221;on&#8221; button_text=&#8221;Guida all&#8217;installazione&#8221; button_alignment=&#8221;center&#8221; _builder_version=&#8221;3.16&#8243; custom_button=&#8221;on&#8221; button_text_color=&#8221;#ffffff&#8221; button_bg_color=&#8221;#af0816&#8243; button_border_color=&#8221;#af0816&#8243; button_icon_color=&#8221;#ffffff&#8221; background_layout=&#8221;dark&#8221; button_text_size__hover_enabled=&#8221;off&#8221; button_one_text_size__hover_enabled=&#8221;off&#8221; button_two_text_size__hover_enabled=&#8221;off&#8221; button_text_color__hover_enabled=&#8221;off&#8221; button_one_text_color__hover_enabled=&#8221;off&#8221; button_two_text_color__hover_enabled=&#8221;off&#8221; button_border_width__hover_enabled=&#8221;off&#8221; button_one_border_width__hover_enabled=&#8221;off&#8221; button_two_border_width__hover_enabled=&#8221;off&#8221; button_border_color__hover_enabled=&#8221;off&#8221; button_one_border_color__hover_enabled=&#8221;off&#8221; button_two_border_color__hover_enabled=&#8221;off&#8221; button_border_radius__hover_enabled=&#8221;off&#8221; button_one_border_radius__hover_enabled=&#8221;off&#8221; button_two_border_radius__hover_enabled=&#8221;off&#8221; button_letter_spacing__hover_enabled=&#8221;off&#8221; button_one_letter_spacing__hover_enabled=&#8221;off&#8221; button_two_letter_spacing__hover_enabled=&#8221;off&#8221; button_bg_color__hover_enabled=&#8221;off&#8221; button_one_bg_color__hover_enabled=&#8221;off&#8221; button_two_bg_color__hover_enabled=&#8221;off&#8221;][\/et_pb_button][\/et_pb_column][et_pb_column type=&#8221;1_3&#8243; _builder_version=&#8221;3.25&#8243; background_color=&#8221;#f0f0f0&#8243; custom_padding=&#8221;40px|20px|40px|20px&#8221; custom_padding__hover=&#8221;|||&#8221;][et_pb_blurb title=&#8221;RASPBERRY PI&#8221; image=&#8221;http:\/\/www.ilevia.com\/wordpress\/wp-content\/uploads\/RaspberryPi_09-02-2017.png&#8221; image_max_width=&#8221;200px&#8221; _builder_version=&#8221;3.9&#8243; header_line_height=&#8221;1.7em&#8221; background_size=&#8221;initial&#8221; background_position=&#8221;top_left&#8221; background_repeat=&#8221;repeat&#8221; text_orientation=&#8221;center&#8221; animation_style=&#8221;zoom&#8221; animation=&#8221;off&#8221; border_style=&#8221;solid&#8221;]Computer molto popolare, che pu\u00f2 essere utilizzato in molti progetti elettronici, e per molte altre applicazioni. Molto facile da trovare, Raspberry \u00e8 disponibile in tutto il mondo, senza restrizioni.<\/p>\n<p>&nbsp;<\/p>\n<p><strong>Durata: 7 GIORNI<\/strong>\u00a0(168 ore)<\/p>\n<p><strong>Nuovo setup:<\/strong>\u00a0Illimitate volte<\/p>\n<p><strong>Download:<\/strong>\u00a0Sempre gratuito<br \/>\n[\/et_pb_blurb][et_pb_button button_url=&#8221;http:\/\/www.ilevia.com\/it\/learning-centre\/system-setup\/raspberry\/&#8221; url_new_window=&#8221;on&#8221; button_text=&#8221;Guida all&#8217;installazione&#8221; button_alignment=&#8221;center&#8221; _builder_version=&#8221;3.16&#8243; custom_button=&#8221;on&#8221; button_text_color=&#8221;#ffffff&#8221; button_bg_color=&#8221;#af0816&#8243; button_border_color=&#8221;#af0816&#8243; button_icon_color=&#8221;#ffffff&#8221; background_layout=&#8221;dark&#8221; button_text_size__hover_enabled=&#8221;off&#8221; button_one_text_size__hover_enabled=&#8221;off&#8221; button_two_text_size__hover_enabled=&#8221;off&#8221; button_text_color__hover_enabled=&#8221;off&#8221; button_one_text_color__hover_enabled=&#8221;off&#8221; button_two_text_color__hover_enabled=&#8221;off&#8221; button_border_width__hover_enabled=&#8221;off&#8221; button_one_border_width__hover_enabled=&#8221;off&#8221; button_two_border_width__hover_enabled=&#8221;off&#8221; button_border_color__hover_enabled=&#8221;off&#8221; button_one_border_color__hover_enabled=&#8221;off&#8221; button_two_border_color__hover_enabled=&#8221;off&#8221; button_border_radius__hover_enabled=&#8221;off&#8221; button_one_border_radius__hover_enabled=&#8221;off&#8221; button_two_border_radius__hover_enabled=&#8221;off&#8221; button_letter_spacing__hover_enabled=&#8221;off&#8221; button_one_letter_spacing__hover_enabled=&#8221;off&#8221; button_two_letter_spacing__hover_enabled=&#8221;off&#8221; button_bg_color__hover_enabled=&#8221;off&#8221; button_one_bg_color__hover_enabled=&#8221;off&#8221; button_two_bg_color__hover_enabled=&#8221;off&#8221;][\/et_pb_button][\/et_pb_column][et_pb_column type=&#8221;1_3&#8243; _builder_version=&#8221;3.25&#8243; background_color=&#8221;#f0f0f0&#8243; custom_padding=&#8221;40px|20px|40px|20px&#8221; custom_padding__hover=&#8221;|||&#8221;][et_pb_blurb title=&#8221;UNITA&#8217; CAMPIONE EVE X1&#8243; image=&#8221;http:\/\/www.ilevia.com\/wordpress\/wp-content\/uploads\/2017-01-23_4.png&#8221; image_max_width=&#8221;200px&#8221; _builder_version=&#8221;3.9&#8243; header_line_height=&#8221;1.7em&#8221; background_size=&#8221;initial&#8221; background_position=&#8221;top_left&#8221; background_repeat=&#8221;repeat&#8221; text_orientation=&#8221;center&#8221; animation_style=&#8221;zoom&#8221; animation=&#8221;off&#8221; border_style=&#8221;solid&#8221;]EVE X1 \u00e8 l&#8217;unit\u00e0 di controllo per esigenze avanzate nell&#8217;automazione di edifici intelligenti residenziali, commerciali ed industriali, progettata per gestire un intero sistema.<\/p>\n<p>&nbsp;<\/p>\n<p><strong>Durata: 1 ANNO<\/strong>\u00a0(8736 ore)<\/p>\n<p>Contattaci per<strong>\u00a0estendere la durata.<\/strong><\/p>\n<p><strong>Download:<\/strong>\u00a0Non possibile<br \/>\n[\/et_pb_blurb][et_pb_button button_url=&#8221;http:\/\/www.ilevia.com\/it\/contact-us\/&#8221; button_text=&#8221;Contattaci&#8221; button_alignment=&#8221;center&#8221; _builder_version=&#8221;4.0.2&#8243; custom_button=&#8221;on&#8221; button_text_color=&#8221;#ffffff&#8221; button_bg_color=&#8221;#af0816&#8243; button_border_color=&#8221;#af0816&#8243; button_icon_color=&#8221;#ffffff&#8221; background_layout=&#8221;dark&#8221; hover_enabled=&#8221;0&#8243; button_text_size__hover_enabled=&#8221;off&#8221; button_one_text_size__hover_enabled=&#8221;off&#8221; button_two_text_size__hover_enabled=&#8221;off&#8221; button_text_color__hover_enabled=&#8221;off&#8221; button_one_text_color__hover_enabled=&#8221;off&#8221; button_two_text_color__hover_enabled=&#8221;off&#8221; button_border_width__hover_enabled=&#8221;off&#8221; button_one_border_width__hover_enabled=&#8221;off&#8221; button_two_border_width__hover_enabled=&#8221;off&#8221; button_border_color__hover_enabled=&#8221;off&#8221; button_one_border_color__hover_enabled=&#8221;off&#8221; button_two_border_color__hover_enabled=&#8221;off&#8221; button_border_radius__hover_enabled=&#8221;off&#8221; button_one_border_radius__hover_enabled=&#8221;off&#8221; button_two_border_radius__hover_enabled=&#8221;off&#8221; button_letter_spacing__hover_enabled=&#8221;off&#8221; button_one_letter_spacing__hover_enabled=&#8221;off&#8221; button_two_letter_spacing__hover_enabled=&#8221;off&#8221; button_bg_color__hover_enabled=&#8221;off&#8221; button_one_bg_color__hover_enabled=&#8221;off&#8221; button_two_bg_color__hover_enabled=&#8221;off&#8221;][\/et_pb_button][\/et_pb_column][\/et_pb_row][et_pb_row _builder_version=&#8221;3.25&#8243; background_size=&#8221;initial&#8221; background_position=&#8221;top_left&#8221; background_repeat=&#8221;repeat&#8221; custom_margin=&#8221;30px|||&#8221;][et_pb_column type=&#8221;4_4&#8243; _builder_version=&#8221;3.25&#8243; custom_padding=&#8221;|||&#8221; custom_padding__hover=&#8221;|||&#8221;][et_pb_image src=&#8221;http:\/\/www.ilevia.com\/wordpress\/wp-content\/uploads\/28-02-2017_04.png&#8221; url=&#8221;http:\/\/www.ilevia.com\/it\/quickstart\/&#8221; align=&#8221;center&#8221; align_tablet=&#8221;center&#8221; align_last_edited=&#8221;on|desktop&#8221; _builder_version=&#8221;3.23&#8243; animation_style=&#8221;bounce&#8221; animation=&#8221;off&#8221; sticky=&#8221;off&#8221; use_border_color=&#8221;off&#8221; border_color=&#8221;#ffffff&#8221; border_style=&#8221;solid&#8221;][\/et_pb_image][\/et_pb_column][\/et_pb_row][\/et_pb_section]\n","protected":false},"excerpt":{"rendered":"<p>Usa la versione gratuita per i tuoi testEVE Suite pu\u00f2 essere scaricato e utilizzato gratuitamente\u00a0per test e demo. In questo caso il software del server viene fornito di tutte le funzionalit\u00e0, ma non licenziato, con durata di vita limitata e con la possibilit\u00e0 di essere installato su diverse unit\u00e0 hardware: EVE X1 Server, Raspberry Pi [&hellip;]<\/p>\n","protected":false},"author":18,"featured_media":0,"parent":0,"menu_order":0,"comment_status":"closed","ping_status":"closed","template":"","meta":{"_et_pb_use_builder":"on","_et_pb_old_content":"","_et_gb_content_width":"","inline_featured_image":false,"_monsterinsights_skip_tracking":false,"_monsterinsights_sitenote_active":false,"_monsterinsights_sitenote_note":"","_monsterinsights_sitenote_category":0,"footnotes":""},"class_list":["post-26136","page","type-page","status-publish","hentry"],"_links":{"self":[{"href":"https:\/\/www.ilevia.com\/it\/wp-json\/wp\/v2\/pages\/26136","targetHints":{"allow":["GET"]}}],"collection":[{"href":"https:\/\/www.ilevia.com\/it\/wp-json\/wp\/v2\/pages"}],"about":[{"href":"https:\/\/www.ilevia.com\/it\/wp-json\/wp\/v2\/types\/page"}],"author":[{"embeddable":true,"href":"https:\/\/www.ilevia.com\/it\/wp-json\/wp\/v2\/users\/18"}],"replies":[{"embeddable":true,"href":"https:\/\/www.ilevia.com\/it\/wp-json\/wp\/v2\/comments?post=26136"}],"version-history":[{"count":0,"href":"https:\/\/www.ilevia.com\/it\/wp-json\/wp\/v2\/pages\/26136\/revisions"}],"wp:attachment":[{"href":"https:\/\/www.ilevia.com\/it\/wp-json\/wp\/v2\/media?parent=26136"}],"curies":[{"name":"wp","href":"https:\/\/api.w.org\/{rel}","templated":true}]}}