{"id":28465,"date":"2016-12-16T12:04:50","date_gmt":"2016-12-16T11:04:50","guid":{"rendered":"http:\/\/www.ilevia.com\/enrich-the-functionality-of-your-smart-home\/"},"modified":"2022-02-18T11:44:42","modified_gmt":"2022-02-18T10:44:42","slug":"enrich-the-functionality-of-your-smart-home","status":"publish","type":"page","link":"https:\/\/www.ilevia.com\/it\/enrich-the-functionality-of-your-smart-home\/","title":{"rendered":"Arricchisci le funzionalit\u00e0 della tua Smart Home"},"content":{"rendered":"[et_pb_section admin_label=&#8221;section&#8221; transparent_background=&#8221;off&#8221; allow_player_pause=&#8221;off&#8221; inner_shadow=&#8221;off&#8221; parallax=&#8221;off&#8221; parallax_method=&#8221;on&#8221; padding_mobile=&#8221;off&#8221; make_fullwidth=&#8221;off&#8221; use_custom_width=&#8221;off&#8221; width_unit=&#8221;off&#8221; make_equal=&#8221;off&#8221; use_custom_gutter=&#8221;off&#8221; fullwidth=&#8221;on&#8221; specialty=&#8221;off&#8221;][et_pb_fullwidth_header admin_label=&#8221;Fullwidth Header&#8221; title=&#8221;Arricchisci le funzionalit\u00e0 della tua Smart Home&#8221; background_layout=&#8221;dark&#8221; text_orientation=&#8221;left&#8221; header_fullscreen=&#8221;off&#8221; header_scroll_down=&#8221;off&#8221; parallax=&#8221;off&#8221; parallax_method=&#8221;off&#8221; content_orientation=&#8221;center&#8221; image_orientation=&#8221;center&#8221; subhead_font_size=&#8221;22px&#8221; custom_button_one=&#8221;off&#8221; button_one_letter_spacing=&#8221;0&#8243; button_one_use_icon=&#8221;default&#8221; button_one_icon_placement=&#8221;right&#8221; button_one_on_hover=&#8221;on&#8221; button_one_letter_spacing_hover=&#8221;0&#8243; custom_button_two=&#8221;off&#8221; button_two_letter_spacing=&#8221;0&#8243; button_two_use_icon=&#8221;default&#8221; button_two_icon_placement=&#8221;right&#8221; button_two_on_hover=&#8221;on&#8221; button_two_letter_spacing_hover=&#8221;0&#8243; background_color=&#8221;rgba(10,10,10,0.2)&#8221; title_font_size=&#8221;40px&#8221;] [\/et_pb_fullwidth_header][\/et_pb_section][et_pb_section admin_label=&#8221;Section&#8221; fullwidth=&#8221;off&#8221; specialty=&#8221;off&#8221; transparent_background=&#8221;off&#8221; allow_player_pause=&#8221;off&#8221; inner_shadow=&#8221;off&#8221; parallax=&#8221;off&#8221; parallax_method=&#8221;off&#8221; padding_mobile=&#8221;off&#8221; make_fullwidth=&#8221;off&#8221; use_custom_width=&#8221;off&#8221; width_unit=&#8221;on&#8221; make_equal=&#8221;off&#8221; use_custom_gutter=&#8221;off&#8221;][et_pb_row admin_label=&#8221;Row&#8221;][et_pb_column type=&#8221;4_4&#8243;][et_pb_image admin_label=&#8221;Image&#8221; src=&#8221;http:\/\/www.ilevia.com\/wordpress\/wp-content\/uploads\/eve-notifications.png&#8221; show_in_lightbox=&#8221;off&#8221; url_new_window=&#8221;off&#8221; use_overlay=&#8221;off&#8221; animation=&#8221;off&#8221; sticky=&#8221;off&#8221; align=&#8221;left&#8221; force_fullwidth=&#8221;off&#8221; always_center_on_mobile=&#8221;on&#8221; use_border_color=&#8221;off&#8221; border_color=&#8221;#ffffff&#8221; border_style=&#8221;solid&#8221;] [\/et_pb_image][et_pb_text admin_label=&#8221;Text&#8221; background_layout=&#8221;light&#8221; text_orientation=&#8221;justified&#8221; use_border_color=&#8221;off&#8221; border_color=&#8221;#ffffff&#8221; border_style=&#8221;solid&#8221;]\n<h2><span style=\"color: #af0816;\">AVVISI &amp; NOTIFICHE<\/span><\/h2>\n[\/et_pb_text][et_pb_text admin_label=&#8221;Text&#8221; background_layout=&#8221;light&#8221; text_orientation=&#8221;justified&#8221; use_border_color=&#8221;off&#8221; border_color=&#8221;#ffffff&#8221; border_style=&#8221;solid&#8221;]\n<p>\u00c8 possibile impostare avvisi personalizzati. EVE invier\u00e0 un messaggio ogni qual volta\u00a0un qualche tipo di evento importante \u00e8 in corso. \u00c8 possibile ricevere avvisi tramite SMS o messaggi di posta elettronica che permetteranno di accelerare i tempi di reazione. Compiti importanti dentro e fuori all&#8217;abitazione non passeranno inosservati, poich\u00e8 riceverai le notifiche, configurate tramite l&#8217;interfaccia utente. Da ora EVE supporta anche le notifiche push.<\/p>\n[\/et_pb_text][\/et_pb_column][\/et_pb_row][et_pb_row admin_label=&#8221;Row&#8221; make_fullwidth=&#8221;off&#8221; use_custom_width=&#8221;off&#8221; width_unit=&#8221;on&#8221; use_custom_gutter=&#8221;off&#8221; padding_mobile=&#8221;off&#8221; allow_player_pause=&#8221;off&#8221; parallax=&#8221;off&#8221; parallax_method=&#8221;off&#8221; make_equal=&#8221;on&#8221; parallax_1=&#8221;off&#8221; parallax_method_1=&#8221;off&#8221; background_color_1=&#8221;#f0f0f0&#8243; padding_top_1=&#8221;40px&#8221; padding_right_1=&#8221;30px&#8221; padding_bottom_1=&#8221;40px&#8221; padding_left_1=&#8221;30px&#8221; parallax_2=&#8221;off&#8221; parallax_method_2=&#8221;off&#8221; background_color_2=&#8221;#f0f0f0&#8243; padding_top_2=&#8221;40px&#8221; padding_right_2=&#8221;30px&#8221; padding_bottom_2=&#8221;40px&#8221; padding_left_2=&#8221;30px&#8221; parallax_3=&#8221;off&#8221; parallax_method_3=&#8221;off&#8221; background_color_3=&#8221;#f0f0f0&#8243; padding_top_3=&#8221;40px&#8221; padding_right_3=&#8221;30px&#8221; padding_bottom_3=&#8221;40px&#8221; padding_left_3=&#8221;30px&#8221;][et_pb_column type=&#8221;1_3&#8243;][et_pb_image admin_label=&#8221;Image&#8221; src=&#8221;http:\/\/www.ilevia.com\/wordpress\/wp-content\/uploads\/eve-recording_scene.png&#8221; show_in_lightbox=&#8221;off&#8221; url_new_window=&#8221;off&#8221; use_overlay=&#8221;off&#8221; animation=&#8221;off&#8221; sticky=&#8221;off&#8221; align=&#8221;left&#8221; force_fullwidth=&#8221;off&#8221; always_center_on_mobile=&#8221;on&#8221; use_border_color=&#8221;off&#8221; border_color=&#8221;#ffffff&#8221; border_style=&#8221;solid&#8221;] [\/et_pb_image][et_pb_text admin_label=&#8221;Text&#8221; background_layout=&#8221;light&#8221; text_orientation=&#8221;left&#8221; use_border_color=&#8221;off&#8221; border_color=&#8221;#ffffff&#8221; border_style=&#8221;solid&#8221;]\n<h2><span style=\"color: #af0816;\">Registrazione scene<\/span><\/h2>\n[\/et_pb_text][et_pb_text admin_label=&#8221;Text&#8221; background_layout=&#8221;light&#8221; text_orientation=&#8221;left&#8221; use_border_color=&#8221;off&#8221; border_color=&#8221;#ffffff&#8221; border_style=&#8221;solid&#8221;]\n<p>EVE permette la possibilit\u00e0 di creare innumerevoli scenari e di aggiungerli all\u2019interfaccia utente per eliminare le operazioni ripetitive e velocizzare il controllo dell\u2019edificio. Inoltre EVE d\u00e0 all\u2019utente la possibilit\u00e0 di creare propri scenari direttamente all\u2019interno dell\u2019App. EVE permette che gli scenari siano\u00a0registrati e riprodotti con un semplice pulsante posizionato sull\u2019interfaccia utente.<\/p>\n[\/et_pb_text][\/et_pb_column][et_pb_column type=&#8221;1_3&#8243;][et_pb_image admin_label=&#8221;Image&#8221; src=&#8221;http:\/\/www.ilevia.com\/wordpress\/wp-content\/uploads\/eve-scheduling.png&#8221; show_in_lightbox=&#8221;off&#8221; url_new_window=&#8221;off&#8221; use_overlay=&#8221;off&#8221; animation=&#8221;off&#8221; sticky=&#8221;off&#8221; align=&#8221;left&#8221; force_fullwidth=&#8221;off&#8221; always_center_on_mobile=&#8221;on&#8221; use_border_color=&#8221;off&#8221; border_color=&#8221;#ffffff&#8221; border_style=&#8221;solid&#8221;] [\/et_pb_image][et_pb_text admin_label=&#8221;Text&#8221; background_layout=&#8221;light&#8221; text_orientation=&#8221;left&#8221; use_border_color=&#8221;off&#8221; border_color=&#8221;#ffffff&#8221; border_style=&#8221;solid&#8221;]\n<h2><span style=\"color: #af0816;\">Programmazione<\/span><\/h2>\n[\/et_pb_text][et_pb_text admin_label=&#8221;Text&#8221; background_layout=&#8221;light&#8221; text_orientation=&#8221;left&#8221; use_border_color=&#8221;off&#8221; border_color=&#8221;#ffffff&#8221; border_style=&#8221;solid&#8221;]\n<p>\u00c8 possibile impostare programmi settimanali per avviare automaticamente scenari ed eventi. Non sar\u00e0 mai pi\u00f9 necessario preoccuparsi della gestione dell\u2019edificio intelligente durante la routine quotidiana e durante i periodi di vacanza. Questo perch\u00e9 EVE far\u00e0 scattare automaticamente gli eventi creati basati su calendari di sistema.<\/p>\n[\/et_pb_text][\/et_pb_column][et_pb_column type=&#8221;1_3&#8243;][et_pb_image admin_label=&#8221;Image&#8221; src=&#8221;http:\/\/www.ilevia.com\/wordpress\/wp-content\/uploads\/eve-charts.png&#8221; show_in_lightbox=&#8221;off&#8221; url_new_window=&#8221;off&#8221; use_overlay=&#8221;off&#8221; animation=&#8221;off&#8221; sticky=&#8221;off&#8221; align=&#8221;left&#8221; force_fullwidth=&#8221;off&#8221; always_center_on_mobile=&#8221;on&#8221; use_border_color=&#8221;off&#8221; border_color=&#8221;#ffffff&#8221; border_style=&#8221;solid&#8221;] [\/et_pb_image][et_pb_text admin_label=&#8221;Text&#8221; background_layout=&#8221;light&#8221; text_orientation=&#8221;left&#8221; use_border_color=&#8221;off&#8221; border_color=&#8221;#ffffff&#8221; border_style=&#8221;solid&#8221;]\n<h2><span style=\"color: #af0816;\">Analisi &amp; Grafici<\/span><\/h2>\n[\/et_pb_text][et_pb_text admin_label=&#8221;Text&#8221; background_layout=&#8221;light&#8221; text_orientation=&#8221;left&#8221; use_border_color=&#8221;off&#8221; border_color=&#8221;#ffffff&#8221; border_style=&#8221;solid&#8221;]\n<p>EVE fornisce gli strumenti per analizzare, confrontare e ottimizzare i flussi di energia ed i consumi. I dati raccolti dal server possono essere visualizzati in tempo reale attraverso grafici interattivi. \u00c8 anche possibile registrare temperatura, umidit\u00e0, luminosit\u00e0, attuazioni e molte altre forme di dati che possono aiutare a analizzare il comportamento dell\u2019edificio.<\/p>\n[\/et_pb_text][\/et_pb_column][\/et_pb_row][et_pb_row admin_label=&#8221;Row&#8221;][et_pb_column type=&#8221;4_4&#8243;][et_pb_image admin_label=&#8221;Image&#8221; src=&#8221;http:\/\/www.ilevia.com\/wordpress\/wp-content\/uploads\/eve-hvac.png&#8221; show_in_lightbox=&#8221;off&#8221; url_new_window=&#8221;off&#8221; use_overlay=&#8221;off&#8221; animation=&#8221;off&#8221; sticky=&#8221;off&#8221; align=&#8221;left&#8221; force_fullwidth=&#8221;off&#8221; always_center_on_mobile=&#8221;on&#8221; use_border_color=&#8221;off&#8221; border_color=&#8221;#ffffff&#8221; border_style=&#8221;solid&#8221;] [\/et_pb_image][et_pb_text admin_label=&#8221;Text&#8221; background_layout=&#8221;light&#8221; text_orientation=&#8221;justified&#8221; use_border_color=&#8221;off&#8221; border_color=&#8221;#ffffff&#8221; border_style=&#8221;solid&#8221;]\n<h2><span style=\"color: #af0816;\">TELECOMANDO PER CONDIZIONATORI<\/span><\/h2>\n[\/et_pb_text][et_pb_text admin_label=&#8221;Text&#8221; background_layout=&#8221;light&#8221; text_orientation=&#8221;justified&#8221; use_border_color=&#8221;off&#8221; border_color=&#8221;#ffffff&#8221; border_style=&#8221;solid&#8221;]\n<p>Integra il sistema EVE con il sistema HVAC esistente. Goditi le impostazioni di comfort personalizzato che possono essere attivate \u200b\u200bda programma o con pochi semplici tocchi da\u00a0smartphone. EVE consente all&#8217;utente di gestire e regolare il riscaldamento, la ventilazione ed il condizionamento in ogni ambiente per garantire la corretta\u00a0temperatura al momento giusto fornendo cos\u00ec il comfort termico desiderato nel modo pi\u00f9 efficiente.<\/p>\n[\/et_pb_text][\/et_pb_column][\/et_pb_row][et_pb_row admin_label=&#8221;Row&#8221; make_fullwidth=&#8221;off&#8221; use_custom_width=&#8221;off&#8221; width_unit=&#8221;on&#8221; use_custom_gutter=&#8221;off&#8221; padding_mobile=&#8221;off&#8221; allow_player_pause=&#8221;off&#8221; parallax=&#8221;off&#8221; parallax_method=&#8221;off&#8221; make_equal=&#8221;on&#8221; parallax_1=&#8221;off&#8221; parallax_method_1=&#8221;off&#8221; background_color_1=&#8221;#f0f0f0&#8243; padding_top_1=&#8221;40px&#8221; padding_right_1=&#8221;30px&#8221; padding_bottom_1=&#8221;40px&#8221; padding_left_1=&#8221;30px&#8221; parallax_2=&#8221;off&#8221; parallax_method_2=&#8221;off&#8221; background_color_2=&#8221;#f0f0f0&#8243; padding_top_2=&#8221;40px&#8221; padding_right_2=&#8221;30px&#8221; padding_bottom_2=&#8221;40px&#8221; padding_left_2=&#8221;30px&#8221; parallax_3=&#8221;off&#8221; parallax_method_3=&#8221;off&#8221; background_color_3=&#8221;#f0f0f0&#8243; padding_top_3=&#8221;40px&#8221; padding_right_3=&#8221;30px&#8221; padding_bottom_3=&#8221;40px&#8221; padding_left_3=&#8221;30px&#8221;][et_pb_column type=&#8221;1_3&#8243;][et_pb_image admin_label=&#8221;Image&#8221; src=&#8221;http:\/\/www.ilevia.com\/wordpress\/wp-content\/uploads\/eve-access.png&#8221; show_in_lightbox=&#8221;off&#8221; url_new_window=&#8221;off&#8221; use_overlay=&#8221;off&#8221; animation=&#8221;off&#8221; sticky=&#8221;off&#8221; align=&#8221;left&#8221; force_fullwidth=&#8221;off&#8221; always_center_on_mobile=&#8221;on&#8221; use_border_color=&#8221;off&#8221; border_color=&#8221;#ffffff&#8221; border_style=&#8221;solid&#8221;] [\/et_pb_image][et_pb_text admin_label=&#8221;Text&#8221; background_layout=&#8221;light&#8221; text_orientation=&#8221;left&#8221; use_border_color=&#8221;off&#8221; border_color=&#8221;#ffffff&#8221; border_style=&#8221;solid&#8221;]\n<h2><span style=\"color: #af0816;\">Controllo Accessi<\/span><\/h2>\n[\/et_pb_text][et_pb_text admin_label=&#8221;Text&#8221; background_layout=&#8221;light&#8221; text_orientation=&#8221;left&#8221; use_border_color=&#8221;off&#8221; border_color=&#8221;#ffffff&#8221; border_style=&#8221;solid&#8221;]\n<p>L&#8217;integrazione del sistema EVE con i sistemI di controllo accessi esistenti \u00e8 un modo efficace per controllare gli accessi all&#8217;edificio. Controlla il tuo posto di lavoro consentendo \/ negando l&#8217;accesso agli utenti ad aree specifiche. Modifica i diritti di accesso in diversi momenti del giorno o link di accesso ad altre funzioni. Questa soluzione si presta perfettamente a molti altri usi (ad esempio consentono solo a pochi lavoratori la capacit\u00e0 di operare su alcune macchine).<\/p>\n[\/et_pb_text][\/et_pb_column][et_pb_column type=&#8221;1_3&#8243;][et_pb_image admin_label=&#8221;Image&#8221; src=&#8221;http:\/\/www.ilevia.com\/wordpress\/wp-content\/uploads\/eve-security.png&#8221; show_in_lightbox=&#8221;off&#8221; url_new_window=&#8221;off&#8221; use_overlay=&#8221;off&#8221; animation=&#8221;off&#8221; sticky=&#8221;off&#8221; align=&#8221;left&#8221; force_fullwidth=&#8221;off&#8221; always_center_on_mobile=&#8221;on&#8221; use_border_color=&#8221;off&#8221; border_color=&#8221;#ffffff&#8221; border_style=&#8221;solid&#8221;] [\/et_pb_image][et_pb_text admin_label=&#8221;Text&#8221; background_layout=&#8221;light&#8221; text_orientation=&#8221;left&#8221; use_border_color=&#8221;off&#8221; border_color=&#8221;#ffffff&#8221; border_style=&#8221;solid&#8221;]\n<h2><span style=\"color: #af0816;\">Sicurezza &amp; Sorveglianza<\/span><\/h2>\n[\/et_pb_text][et_pb_text admin_label=&#8221;Text&#8221; background_layout=&#8221;light&#8221; text_orientation=&#8221;left&#8221; use_border_color=&#8221;off&#8221; border_color=&#8221;#ffffff&#8221; border_style=&#8221;solid&#8221;]\n<p>Attiva o disattiva il sistema di sicurezza, o solo le parti selezionate, escludi i sensori, visualizza le telecamere ip direttamente da un\u2019interfaccia utente intuitiva. Monitora facilmente le telecamere che vengono inserite all\u2019interno o all\u2019esterno. Visualizza i\u00a0filmati delle telecamere di sicurezza direttamente dal tuo dispositivo mobile, e prendi il comando del tuo edificio. Monitora lo stato della tua\u00a0casa, non importa quanto sei lontano.<\/p>\n[\/et_pb_text][\/et_pb_column][et_pb_column type=&#8221;1_3&#8243;][et_pb_image admin_label=&#8221;Image&#8221; src=&#8221;http:\/\/www.ilevia.com\/wordpress\/wp-content\/uploads\/eve-energy.png&#8221; show_in_lightbox=&#8221;off&#8221; url_new_window=&#8221;off&#8221; use_overlay=&#8221;off&#8221; animation=&#8221;off&#8221; sticky=&#8221;off&#8221; align=&#8221;left&#8221; force_fullwidth=&#8221;off&#8221; always_center_on_mobile=&#8221;on&#8221; use_border_color=&#8221;off&#8221; border_color=&#8221;#ffffff&#8221; border_style=&#8221;solid&#8221;] [\/et_pb_image][et_pb_text admin_label=&#8221;Text&#8221; background_layout=&#8221;light&#8221; text_orientation=&#8221;left&#8221; use_border_color=&#8221;off&#8221; border_color=&#8221;#ffffff&#8221; border_style=&#8221;solid&#8221;]\n<h2><span style=\"color: #af0816;\">Misurazione Energia<\/span><\/h2>\n[\/et_pb_text][et_pb_text admin_label=&#8221;Text&#8221; background_layout=&#8221;light&#8221; text_orientation=&#8221;left&#8221; use_border_color=&#8221;off&#8221; border_color=&#8221;#ffffff&#8221; border_style=&#8221;solid&#8221;]\n<p>EVE gestisce l&#8217;energia del tuo impianto. L&#8217;integrazione dei pannelli solari consente di gestire l&#8217;uso dell&#8217; energia elettrica sfruttando l&#8217;energia solare autoprodotta. \u00c8 possibile ottimizzare il consumo degli apparecchi per consentire l&#8217;attivazione automatica quando l&#8217;elettricit\u00e0 prodotta \u00e8 disponibile. Inoltre, la funzione del controllo carichi consente di programmare lo spegnimento di elettrodomestici, al raggiungimento delle soglie preimpostate.<\/p>\n[\/et_pb_text][\/et_pb_column][\/et_pb_row][et_pb_row admin_label=&#8221;Row&#8221;][et_pb_column type=&#8221;4_4&#8243;][et_pb_image admin_label=&#8221;Image&#8221; src=&#8221;http:\/\/www.ilevia.com\/wordpress\/wp-content\/uploads\/eve-audio_video.png&#8221; show_in_lightbox=&#8221;off&#8221; url_new_window=&#8221;off&#8221; use_overlay=&#8221;off&#8221; animation=&#8221;off&#8221; sticky=&#8221;off&#8221; align=&#8221;center&#8221; force_fullwidth=&#8221;off&#8221; always_center_on_mobile=&#8221;on&#8221; use_border_color=&#8221;off&#8221; border_color=&#8221;#ffffff&#8221; border_style=&#8221;solid&#8221;] [\/et_pb_image][et_pb_text admin_label=&#8221;Text&#8221; background_layout=&#8221;light&#8221; text_orientation=&#8221;left&#8221; use_border_color=&#8221;off&#8221; border_color=&#8221;#ffffff&#8221; border_style=&#8221;solid&#8221;]\n<h2><span style=\"color: #af0816;\">TELECOMANDO MULTI DISPOSITIVO<\/span><\/h2>\n[\/et_pb_text][et_pb_text admin_label=&#8221;Text&#8221; background_layout=&#8221;light&#8221; text_orientation=&#8221;left&#8221; use_border_color=&#8221;off&#8221; border_color=&#8221;#ffffff&#8221; border_style=&#8221;solid&#8221;]\n<p>Integra il sistema EVE con qualsiasi dispositivo UPnP, sistema audio \/ video Vivaldi e BluStream o utilizza IR Trans per controllare qualsiasi dispositivo a infrarossi. Semplifica la tua esperienza di intrattenimento e controlla il tutto con un solo touch screen. Sostituisci tutti i telecomandi con un unico controller che comanda tutte le apparecchiature audio \/ video. Personalizza i pulsanti per personalizzare il tuo telecomando di\u00a0ogni singolo ambiente.<\/p>\n[\/et_pb_text][\/et_pb_column][\/et_pb_row][\/et_pb_section]\n","protected":false},"excerpt":{"rendered":"<p>AVVISI &amp; NOTIFICHE \u00c8 possibile impostare avvisi personalizzati. EVE invier\u00e0 un messaggio ogni qual volta\u00a0un qualche tipo di evento importante \u00e8 in corso. \u00c8 possibile ricevere avvisi tramite SMS o messaggi di posta elettronica che permetteranno di accelerare i tempi di reazione. Compiti importanti dentro e fuori all&#8217;abitazione non passeranno inosservati, poich\u00e8 riceverai le notifiche, [&hellip;]<\/p>\n","protected":false},"author":18,"featured_media":0,"parent":0,"menu_order":0,"comment_status":"closed","ping_status":"closed","template":"","meta":{"_et_pb_use_builder":"on","_et_pb_old_content":"","_et_gb_content_width":"","inline_featured_image":false,"_monsterinsights_skip_tracking":false,"_monsterinsights_sitenote_active":false,"_monsterinsights_sitenote_note":"","_monsterinsights_sitenote_category":0,"footnotes":""},"class_list":["post-28465","page","type-page","status-publish","hentry"],"_links":{"self":[{"href":"https:\/\/www.ilevia.com\/it\/wp-json\/wp\/v2\/pages\/28465","targetHints":{"allow":["GET"]}}],"collection":[{"href":"https:\/\/www.ilevia.com\/it\/wp-json\/wp\/v2\/pages"}],"about":[{"href":"https:\/\/www.ilevia.com\/it\/wp-json\/wp\/v2\/types\/page"}],"author":[{"embeddable":true,"href":"https:\/\/www.ilevia.com\/it\/wp-json\/wp\/v2\/users\/18"}],"replies":[{"embeddable":true,"href":"https:\/\/www.ilevia.com\/it\/wp-json\/wp\/v2\/comments?post=28465"}],"version-history":[{"count":0,"href":"https:\/\/www.ilevia.com\/it\/wp-json\/wp\/v2\/pages\/28465\/revisions"}],"wp:attachment":[{"href":"https:\/\/www.ilevia.com\/it\/wp-json\/wp\/v2\/media?parent=28465"}],"curies":[{"name":"wp","href":"https:\/\/api.w.org\/{rel}","templated":true}]}}