{"id":29039,"date":"2017-03-24T17:39:06","date_gmt":"2017-03-24T16:39:06","guid":{"rendered":"http:\/\/www.ilevia.com\/prodotti\/home-renovation\/"},"modified":"2022-02-18T11:49:17","modified_gmt":"2022-02-18T10:49:17","slug":"rinnovare-impianti-byme-myhome","status":"publish","type":"page","link":"https:\/\/www.ilevia.com\/it\/prodotti\/rinnovare-impianti-byme-myhome\/","title":{"rendered":"Rinnovare impianti By-Me e MyHome"},"content":{"rendered":"[et_pb_section bb_built=&#8221;1&#8243; admin_label=&#8221;Section&#8221; fullwidth=&#8221;on&#8221; specialty=&#8221;off&#8221; transparent_background=&#8221;off&#8221; background_color=&#8221;rgba(255,255,255,0.2)&#8221; allow_player_pause=&#8221;off&#8221; inner_shadow=&#8221;off&#8221; parallax=&#8221;off&#8221; parallax_method=&#8221;on&#8221; make_fullwidth=&#8221;off&#8221; use_custom_width=&#8221;off&#8221; width_unit=&#8221;on&#8221; make_equal=&#8221;off&#8221; use_custom_gutter=&#8221;off&#8221;][et_pb_fullwidth_header admin_label=&#8221;Fullwidth Header&#8221; title=&#8221;Rinnovare impianti By-Me e MyHome&#8221; background_layout=&#8221;dark&#8221; text_orientation=&#8221;left&#8221; header_fullscreen=&#8221;off&#8221; header_scroll_down=&#8221;off&#8221; background_color=&#8221;rgba(10,10,10,0.2)&#8221; parallax=&#8221;off&#8221; parallax_method=&#8221;off&#8221; content_orientation=&#8221;center&#8221; image_orientation=&#8221;center&#8221; title_font_size=&#8221;40px&#8221; custom_button_one=&#8221;off&#8221; button_one_letter_spacing=&#8221;0&#8243; button_one_use_icon=&#8221;default&#8221; button_one_icon_placement=&#8221;right&#8221; button_one_on_hover=&#8221;on&#8221; button_one_letter_spacing_hover=&#8221;0&#8243; custom_button_two=&#8221;off&#8221; button_two_letter_spacing=&#8221;0&#8243; button_two_use_icon=&#8221;default&#8221; button_two_icon_placement=&#8221;right&#8221; button_two_on_hover=&#8221;on&#8221; button_two_letter_spacing_hover=&#8221;0&#8243; \/][\/et_pb_section][et_pb_section bb_built=&#8221;1&#8243; admin_label=&#8221;Section&#8221; fullwidth=&#8221;off&#8221; specialty=&#8221;on&#8221; background_image=&#8221;http:\/\/www.ilevia.com\/wordpress\/wp-content\/uploads\/couple-sitting-on-a-couch-using-a-mobile-tablet.jpg&#8221; transparent_background=&#8221;off&#8221; background_color=&#8221;#f1f3f3&#8243; allow_player_pause=&#8221;off&#8221; inner_shadow=&#8221;off&#8221; parallax=&#8221;off&#8221; parallax_method=&#8221;on&#8221; make_fullwidth=&#8221;off&#8221; use_custom_width=&#8221;off&#8221; width_unit=&#8221;on&#8221; make_equal=&#8221;off&#8221; use_custom_gutter=&#8221;off&#8221; parallax_1=&#8221;off&#8221; parallax_method_1=&#8221;off&#8221; parallax_2=&#8221;off&#8221; parallax_method_2=&#8221;off&#8221;][et_pb_column type=&#8221;1_2&#8243; specialty_columns=&#8221;2&#8243;][et_pb_row_inner admin_label=&#8221;Row&#8221;][et_pb_column_inner type=&#8221;4_4&#8243; saved_specialty_column_type=&#8221;1_2&#8243;][et_pb_text admin_label=&#8221;Text&#8221; background_layout=&#8221;light&#8221; text_orientation=&#8221;left&#8221; use_border_color=&#8221;off&#8221; border_color=&#8221;#ffffff&#8221; border_style=&#8221;solid&#8221; background_color=&#8221;rgba(255,255,255,0.8)&#8221; custom_padding=&#8221;40px|40px|40px|40px&#8221; text_font_size=&#8221;16&#8243; header_font_size=&#8221;45px&#8221;]\n<h1><strong>Rinnova il tuo vecchio impianto<\/strong><\/h1>\n<p>&nbsp;<\/p>\n<h2>Aggiornare una casa domotica<br \/>\nnon \u00e8 mai stato cos\u00ec facile<\/h2>\n<p>Siamo consapevoli che affrontare la progettazione di una nuova casa intelligente o aggiornare un&#8217;esistente installazione pu\u00f2 sembrare confusionario, se non travolgente. Noi siamo qui per rendere tutto questo un po&#8217; pi\u00f9 semplice.\u00a0EVE \u00e8 la soluzione Smart Home pensata e creata dal nostro team anche\u00a0a questo scopo.<\/p>\n[\/et_pb_text][\/et_pb_column_inner][\/et_pb_row_inner][et_pb_row_inner admin_label=&#8221;Row&#8221;][et_pb_column_inner type=&#8221;1_2&#8243; saved_specialty_column_type=&#8221;1_2&#8243;][et_pb_image admin_label=&#8221;Image&#8221; src=&#8221;http:\/\/www.ilevia.com\/wordpress\/wp-content\/uploads\/vimar_byme.png&#8221; show_in_lightbox=&#8221;off&#8221; url_new_window=&#8221;off&#8221; use_overlay=&#8221;off&#8221; animation=&#8221;off&#8221; sticky=&#8221;off&#8221; align=&#8221;center&#8221; force_fullwidth=&#8221;off&#8221; always_center_on_mobile=&#8221;on&#8221; use_border_color=&#8221;off&#8221; border_color=&#8221;#ffffff&#8221; border_style=&#8221;solid&#8221; max_width=&#8221;300px&#8221; \/][\/et_pb_column_inner][et_pb_column_inner type=&#8221;1_2&#8243; saved_specialty_column_type=&#8221;1_2&#8243;][et_pb_image admin_label=&#8221;Image&#8221; src=&#8221;http:\/\/www.ilevia.com\/wordpress\/wp-content\/uploads\/bticino_my-home.png&#8221; show_in_lightbox=&#8221;off&#8221; url_new_window=&#8221;off&#8221; use_overlay=&#8221;off&#8221; animation=&#8221;off&#8221; sticky=&#8221;off&#8221; align=&#8221;center&#8221; force_fullwidth=&#8221;off&#8221; always_center_on_mobile=&#8221;on&#8221; use_border_color=&#8221;off&#8221; border_color=&#8221;#303131&#8243; border_style=&#8221;solid&#8221; max_width=&#8221;300px&#8221; \/][\/et_pb_column_inner][\/et_pb_row_inner][\/et_pb_column][et_pb_column type=&#8221;1_2&#8243;][\/et_pb_column][\/et_pb_section][et_pb_section bb_built=&#8221;1&#8243; admin_label=&#8221;Section&#8221; fullwidth=&#8221;off&#8221; specialty=&#8221;off&#8221;][et_pb_row admin_label=&#8221;Row&#8221; make_fullwidth=&#8221;off&#8221; use_custom_width=&#8221;off&#8221; width_unit=&#8221;on&#8221; use_custom_gutter=&#8221;off&#8221; allow_player_pause=&#8221;off&#8221; parallax=&#8221;off&#8221; parallax_method=&#8221;on&#8221; make_equal=&#8221;off&#8221; parallax_1=&#8221;off&#8221; parallax_method_1=&#8221;off&#8221;][et_pb_column type=&#8221;4_4&#8243;][et_pb_text admin_label=&#8221;Text&#8221; background_layout=&#8221;light&#8221; text_orientation=&#8221;center&#8221; use_border_color=&#8221;off&#8221; border_color=&#8221;#ffffff&#8221; border_style=&#8221;solid&#8221; header_font_size=&#8221;45px&#8221;]\n<h1><strong>Togli i freni al tuo vecchio impianto domotico!<\/strong><\/h1>\n[\/et_pb_text][et_pb_text admin_label=&#8221;Text&#8221; background_layout=&#8221;light&#8221; text_orientation=&#8221;center&#8221; use_border_color=&#8221;off&#8221; border_color=&#8221;#ffffff&#8221; border_style=&#8221;solid&#8221; header_font_size=&#8221;35px&#8221;]\n<h1>La tecnologia \u00a0<img loading=\"lazy\" decoding=\"async\" class=\"wp-image-18801 alignnone\" src=\"http:\/\/www.ilevia.com\/wordpress\/wp-content\/uploads\/eve_logo_nero-300x117.png\" alt=\"\" width=\"90\" height=\"35\" \/>\u00a0 esaudisce ogni tuo desiderio<\/h1>\n[\/et_pb_text][et_pb_text admin_label=&#8221;Text&#8221; background_layout=&#8221;light&#8221; text_orientation=&#8221;center&#8221; text_font_size=&#8221;17&#8243; use_border_color=&#8221;off&#8221; border_color=&#8221;#ffffff&#8221; border_style=&#8221;solid&#8221;]\n<p>EVE \u00e8 la soluzione perfetta per rendere ogni vecchio impianto domotico un moderno sistema in grado di utilizzare le ultime tecnologie presenti sul mercato per controllare climatizzatori, sistemi audio, telecamere IP e molto altro utilizzando il proprio dispositivo mobile.<\/p>\n[\/et_pb_text][\/et_pb_column][\/et_pb_row][et_pb_row admin_label=&#8221;Row&#8221; make_fullwidth=&#8221;off&#8221; use_custom_width=&#8221;off&#8221; width_unit=&#8221;on&#8221; use_custom_gutter=&#8221;off&#8221; allow_player_pause=&#8221;off&#8221; parallax=&#8221;off&#8221; parallax_method=&#8221;on&#8221; make_equal=&#8221;off&#8221; parallax_1=&#8221;off&#8221; parallax_method_1=&#8221;off&#8221; parallax_2=&#8221;off&#8221; parallax_method_2=&#8221;off&#8221; parallax_3=&#8221;off&#8221; parallax_method_3=&#8221;off&#8221;][et_pb_column type=&#8221;1_3&#8243;][et_pb_testimonial admin_label=&#8221;Testimonial&#8221; url_new_window=&#8221;off&#8221; portrait_url=&#8221;http:\/\/www.ilevia.com\/wordpress\/wp-content\/uploads\/professional-face1.png&#8221; quote_icon=&#8221;off&#8221; use_background_color=&#8221;on&#8221; background_color=&#8221;#f5f5f5&#8243; background_layout=&#8221;light&#8221; text_orientation=&#8221;center&#8221; use_border_color=&#8221;off&#8221; border_color=&#8221;#ffffff&#8221; border_style=&#8221;solid&#8221; portrait_width=&#8221;120&#8243; portrait_height=&#8221;120&#8243; body_font_size=&#8221;18&#8243; body_font=&#8221;||on||&#8221;]\n<p>\u201cVorrei poter controllare anche il mio nuovo impianto audio, nuovi prodotti, nuovi sistemi e le future tecnologie!\u201d<\/p>\n[\/et_pb_testimonial][et_pb_blurb admin_label=&#8221;Blurb&#8221; url_new_window=&#8221;off&#8221; use_icon=&#8221;on&#8221; font_icon=&#8221;%%22%%&#8221; icon_color=&#8221;#303131&#8243; use_circle=&#8221;off&#8221; circle_color=&#8221;#af0816&#8243; use_circle_border=&#8221;off&#8221; circle_border_color=&#8221;#af0816&#8243; icon_placement=&#8221;top&#8221; animation=&#8221;top&#8221; background_layout=&#8221;light&#8221; text_orientation=&#8221;left&#8221; use_icon_font_size=&#8221;on&#8221; use_border_color=&#8221;off&#8221; border_color=&#8221;#ffffff&#8221; border_style=&#8221;solid&#8221; icon_font_size=&#8221;60px&#8221; \/][et_pb_image admin_label=&#8221;Image&#8221; src=&#8221;http:\/\/www.ilevia.com\/wordpress\/wp-content\/uploads\/sonos-audio.png&#8221; show_in_lightbox=&#8221;off&#8221; url_new_window=&#8221;off&#8221; use_overlay=&#8221;off&#8221; animation=&#8221;off&#8221; sticky=&#8221;on&#8221; align=&#8221;left&#8221; force_fullwidth=&#8221;off&#8221; always_center_on_mobile=&#8221;off&#8221; use_border_color=&#8221;off&#8221; border_color=&#8221;#303131&#8243; border_style=&#8221;solid&#8221; max_width=&#8221;350px&#8221; url=&#8221;http:\/\/www.ilevia.com\/eve-can-control-everything\/&#8221; \/][et_pb_text admin_label=&#8221;Text&#8221; background_layout=&#8221;light&#8221; text_orientation=&#8221;left&#8221; use_border_color=&#8221;off&#8221; border_color=&#8221;#303131&#8243; border_style=&#8221;solid&#8221; custom_padding=&#8221;40px|40px|40px|40px&#8221; max_width=&#8221;350px&#8221; background_color=&#8221;#f7f7f7&#8243;]\n<h2>CONTROLLA<\/h2>\n<h1><span class=\"h1 h1-modified\"><strong><span class=\"medium\">Nuovi prodotti<\/span><\/strong><\/span><\/h1>\n<h4>Utilizza i marchi che ami<\/h4>\n<p>EVE \u00e8 compatibile con i PROTOCOLLI pi\u00f9 noti nel campo della Home &amp; Building Automation. EVE pu\u00f2 contemporaneamente gestire protocolli diversi, sia STANDARD che PROPRIETARI, garantendo piena libert\u00e0 di scelta nei prodotti\u00a0da utilizzare.<\/p>\n<p><a href=\"http:\/\/www.ilevia.com\/it\/eve-can-control-everything\/\">Scopri di pi\u00f9&#8230;<\/a><\/p>\n[\/et_pb_text][\/et_pb_column][et_pb_column type=&#8221;1_3&#8243;][et_pb_testimonial admin_label=&#8221;Testimonial&#8221; url_new_window=&#8221;off&#8221; portrait_url=&#8221;http:\/\/www.ilevia.com\/wordpress\/wp-content\/uploads\/professional-face2.png&#8221; quote_icon=&#8221;off&#8221; use_background_color=&#8221;on&#8221; background_color=&#8221;#f5f5f5&#8243; background_layout=&#8221;light&#8221; text_orientation=&#8221;center&#8221; use_border_color=&#8221;off&#8221; border_color=&#8221;#ffffff&#8221; border_style=&#8221;solid&#8221; portrait_width=&#8221;120&#8243; portrait_height=&#8221;120&#8243; body_font_size=&#8221;18&#8243; body_font=&#8221;||on||&#8221;]\n<p>\u201cVorrei poter espandere il mio impianto con nuove funzioni senza dover sempre\u00a0aggiungere nuovi moduli.\u201d<\/p>\n[\/et_pb_testimonial][et_pb_blurb admin_label=&#8221;Blurb&#8221; url_new_window=&#8221;off&#8221; use_icon=&#8221;on&#8221; font_icon=&#8221;%%22%%&#8221; icon_color=&#8221;#303131&#8243; use_circle=&#8221;off&#8221; circle_color=&#8221;#af0816&#8243; use_circle_border=&#8221;off&#8221; circle_border_color=&#8221;#af0816&#8243; icon_placement=&#8221;top&#8221; animation=&#8221;top&#8221; background_layout=&#8221;light&#8221; text_orientation=&#8221;left&#8221; use_icon_font_size=&#8221;on&#8221; use_border_color=&#8221;off&#8221; border_color=&#8221;#ffffff&#8221; border_style=&#8221;solid&#8221; icon_font_size=&#8221;60px&#8221; \/][et_pb_image admin_label=&#8221;Image&#8221; src=&#8221;http:\/\/www.ilevia.com\/wordpress\/wp-content\/uploads\/new-feature.png&#8221; show_in_lightbox=&#8221;off&#8221; url_new_window=&#8221;off&#8221; use_overlay=&#8221;off&#8221; animation=&#8221;off&#8221; sticky=&#8221;on&#8221; align=&#8221;left&#8221; force_fullwidth=&#8221;off&#8221; always_center_on_mobile=&#8221;off&#8221; use_border_color=&#8221;off&#8221; border_color=&#8221;#ffffff&#8221; border_style=&#8221;solid&#8221; max_width=&#8221;350px&#8221; url=&#8221;http:\/\/www.ilevia.com\/eve-can-control-everything\/&#8221; \/][et_pb_text admin_label=&#8221;Text&#8221; background_layout=&#8221;light&#8221; text_orientation=&#8221;left&#8221; use_border_color=&#8221;off&#8221; border_color=&#8221;#303131&#8243; border_style=&#8221;solid&#8221; custom_padding=&#8221;40px|40px|40px|40px&#8221; max_width=&#8221;350px&#8221; background_color=&#8221;#f7f7f7&#8243;]\n<h2>GESTISCI<\/h2>\n<h1><span class=\"h1 h1-modified\"><strong><span class=\"medium\">Nuove funzioni<\/span><\/strong><\/span><\/h1>\n<h4>Potenzia il tuo impianto<\/h4>\n<p>EVE consente di sfruttare molte funzioni aggiuntive per godere al massimo di tutta la potenza del sistema. Invio di NOTIFICHE personalizzate, timer settimanali per eventi programmati, registrazione scene personali e visualizza grafici in tempo reale.<\/p>\n<p><a href=\"http:\/\/www.ilevia.com\/it\/enrich-the-functionality-of-your-smart-home\/\">Scopri di pi\u00f9&#8230;<\/a><\/p>\n[\/et_pb_text][\/et_pb_column][et_pb_column type=&#8221;1_3&#8243;][et_pb_testimonial admin_label=&#8221;Testimonial&#8221; url_new_window=&#8221;off&#8221; portrait_url=&#8221;http:\/\/www.ilevia.com\/wordpress\/wp-content\/uploads\/professional-face3.png&#8221; quote_icon=&#8221;off&#8221; use_background_color=&#8221;on&#8221; background_color=&#8221;#f5f5f5&#8243; background_layout=&#8221;light&#8221; text_orientation=&#8221;center&#8221; use_border_color=&#8221;off&#8221; border_color=&#8221;#ffffff&#8221; border_style=&#8221;solid&#8221; portrait_width=&#8221;120&#8243; portrait_height=&#8221;120&#8243; body_font_size=&#8221;18&#8243; body_font=&#8221;||on||&#8221;]\n<p>\u201cVorrei un\u2019app veloce e piacevole per controllare la mia casa e personalizzare i comandi come desidero!\u201d<\/p>\n[\/et_pb_testimonial][et_pb_blurb admin_label=&#8221;Blurb&#8221; url_new_window=&#8221;off&#8221; use_icon=&#8221;on&#8221; font_icon=&#8221;%%22%%&#8221; icon_color=&#8221;#303131&#8243; use_circle=&#8221;off&#8221; circle_color=&#8221;#af0816&#8243; use_circle_border=&#8221;off&#8221; circle_border_color=&#8221;#af0816&#8243; icon_placement=&#8221;top&#8221; animation=&#8221;top&#8221; background_layout=&#8221;light&#8221; text_orientation=&#8221;left&#8221; use_icon_font_size=&#8221;on&#8221; use_border_color=&#8221;off&#8221; border_color=&#8221;#ffffff&#8221; border_style=&#8221;solid&#8221; icon_font_size=&#8221;60px&#8221; \/][et_pb_image admin_label=&#8221;Image&#8221; src=&#8221;http:\/\/www.ilevia.com\/wordpress\/wp-content\/uploads\/app-eve.png&#8221; show_in_lightbox=&#8221;off&#8221; url_new_window=&#8221;off&#8221; use_overlay=&#8221;off&#8221; animation=&#8221;off&#8221; sticky=&#8221;on&#8221; align=&#8221;left&#8221; force_fullwidth=&#8221;off&#8221; always_center_on_mobile=&#8221;off&#8221; use_border_color=&#8221;off&#8221; border_color=&#8221;#ffffff&#8221; border_style=&#8221;solid&#8221; max_width=&#8221;350px&#8221; url=&#8221;http:\/\/www.ilevia.com\/eve-can-control-everything\/&#8221; \/][et_pb_text admin_label=&#8221;Text&#8221; background_layout=&#8221;light&#8221; text_orientation=&#8221;left&#8221; use_border_color=&#8221;off&#8221; border_color=&#8221;#303131&#8243; border_style=&#8221;solid&#8221; custom_padding=&#8221;40px|40px|40px|40px&#8221; max_width=&#8221;350px&#8221; background_color=&#8221;#f7f7f7&#8243;]\n<h2>UTILIZZA<\/h2>\n<h1><span class=\"h1 h1-modified\"><strong><span class=\"medium\">Nuovo controllo<\/span><\/strong><\/span><\/h1>\n<h4>Rapido e personalizzato<\/h4>\n<p>\u00c8 possibile controllare il proprio impianto con estrema rapidit\u00e0 utilizzando l&#8217;app gratuita EVE Remote Plus per\u00a0dispositivi mobili (iOS, Android) e desktop (Windows OS, Mac OSX) e controllare in modo personalizzato tutte le funzioni impostate sul sistema.<\/p>\n<p><a href=\"http:\/\/www.ilevia.com\/it\/live-demo\/\">Scopri di pi\u00f9&#8230;<\/a><\/p>\n[\/et_pb_text][\/et_pb_column][\/et_pb_row][et_pb_row admin_label=&#8221;Row&#8221; make_fullwidth=&#8221;off&#8221; use_custom_width=&#8221;off&#8221; width_unit=&#8221;on&#8221; use_custom_gutter=&#8221;off&#8221; background_color=&#8221;rgba(10,10,10,0.5)&#8221; allow_player_pause=&#8221;off&#8221; parallax=&#8221;off&#8221; parallax_method=&#8221;on&#8221; make_equal=&#8221;off&#8221; parallax_1=&#8221;off&#8221; parallax_method_1=&#8221;off&#8221; padding_top_1=&#8221;10px&#8221; padding_right_1=&#8221;20px&#8221; padding_bottom_1=&#8221;10px&#8221; padding_left_1=&#8221;20px&#8221; custom_margin=&#8221;40px||40px|&#8221;][et_pb_column type=&#8221;4_4&#8243;][et_pb_text admin_label=&#8221;Text&#8221; background_layout=&#8221;dark&#8221; text_orientation=&#8221;center&#8221; header_font_size=&#8221;35px&#8221; use_border_color=&#8221;off&#8221; border_color=&#8221;#ffffff&#8221; border_style=&#8221;solid&#8221;]\n<h1>PARLIAMO DEL <strong>TUO PROGETTO<\/strong><\/h1>\n[\/et_pb_text][et_pb_contact_form admin_label=&#8221;Contact Form&#8221; captcha=&#8221;off&#8221; email=&#8221;office@ilevia.com&#8221; title=&#8221;Lasciaci i tuoi riferimenti per essere ricontattato!&#8221; use_redirect=&#8221;off&#8221; form_background_color=&#8221;#ffffff&#8221; input_border_radius=&#8221;0&#8243; title_text_color=&#8221;#ffffff&#8221; form_field_text_color=&#8221;#313030&#8243; use_border_color=&#8221;off&#8221; border_color=&#8221;#ffffff&#8221; border_style=&#8221;solid&#8221; custom_button=&#8221;on&#8221; button_text_color=&#8221;#ffffff&#8221; button_bg_color=&#8221;#af0816&#8243; button_border_color=&#8221;#af0816&#8243; button_letter_spacing=&#8221;0&#8243; button_use_icon=&#8221;default&#8221; button_icon_placement=&#8221;right&#8221; button_on_hover=&#8221;on&#8221; button_text_color_hover=&#8221;#ffffff&#8221; button_letter_spacing_hover=&#8221;0&#8243;] [et_pb_contact_field field_title=&#8221;Nome&#8221; field_type=&#8221;input&#8221; field_id=&#8221;Nome&#8221; required_mark=&#8221;off&#8221; fullwidth_field=&#8221;off&#8221; form_field_font_select=&#8221;default&#8221; form_field_font=&#8221;||||&#8221; use_border_color=&#8221;off&#8221; border_style=&#8221;solid&#8221; \/][et_pb_contact_field field_title=&#8221;Cognome&#8221; field_type=&#8221;input&#8221; field_id=&#8221;Surname&#8221; required_mark=&#8221;on&#8221; fullwidth_field=&#8221;off&#8221; form_field_font_select=&#8221;default&#8221; form_field_font=&#8221;||||&#8221; use_border_color=&#8221;off&#8221; border_style=&#8221;solid&#8221; \/][et_pb_contact_field field_id=&#8221;Phone&#8221; field_title=&#8221;Telefono&#8221; field_type=&#8221;input&#8221; required_mark=&#8221;off&#8221; fullwidth_field=&#8221;off&#8221; form_field_font_select=&#8221;default&#8221; form_field_font=&#8221;||||&#8221; use_border_color=&#8221;off&#8221; border_style=&#8221;solid&#8221; \/][et_pb_contact_field field_title=&#8221;E-mail&#8221; field_type=&#8221;email&#8221; field_id=&#8221;E-mail&#8221; required_mark=&#8221;off&#8221; fullwidth_field=&#8221;off&#8221; form_field_font_select=&#8221;default&#8221; form_field_font=&#8221;||||&#8221; use_border_color=&#8221;off&#8221; border_style=&#8221;solid&#8221; \/] [\/et_pb_contact_form][\/et_pb_column][\/et_pb_row][\/et_pb_section]\n","protected":false},"excerpt":{"rendered":"<p>Rinnova il tuo vecchio impianto &nbsp; Aggiornare una casa domotica non \u00e8 mai stato cos\u00ec facile Siamo consapevoli che affrontare la progettazione di una nuova casa intelligente o aggiornare un&#8217;esistente installazione pu\u00f2 sembrare confusionario, se non travolgente. Noi siamo qui per rendere tutto questo un po&#8217; pi\u00f9 semplice.\u00a0EVE \u00e8 la soluzione Smart Home pensata e [&hellip;]<\/p>\n","protected":false},"author":18,"featured_media":0,"parent":6142,"menu_order":0,"comment_status":"closed","ping_status":"closed","template":"","meta":{"_et_pb_use_builder":"on","_et_pb_old_content":"","_et_gb_content_width":"","inline_featured_image":false,"_monsterinsights_skip_tracking":false,"_monsterinsights_sitenote_active":false,"_monsterinsights_sitenote_note":"","_monsterinsights_sitenote_category":0,"footnotes":""},"class_list":["post-29039","page","type-page","status-publish","hentry"],"_links":{"self":[{"href":"https:\/\/www.ilevia.com\/it\/wp-json\/wp\/v2\/pages\/29039","targetHints":{"allow":["GET"]}}],"collection":[{"href":"https:\/\/www.ilevia.com\/it\/wp-json\/wp\/v2\/pages"}],"about":[{"href":"https:\/\/www.ilevia.com\/it\/wp-json\/wp\/v2\/types\/page"}],"author":[{"embeddable":true,"href":"https:\/\/www.ilevia.com\/it\/wp-json\/wp\/v2\/users\/18"}],"replies":[{"embeddable":true,"href":"https:\/\/www.ilevia.com\/it\/wp-json\/wp\/v2\/comments?post=29039"}],"version-history":[{"count":0,"href":"https:\/\/www.ilevia.com\/it\/wp-json\/wp\/v2\/pages\/29039\/revisions"}],"up":[{"embeddable":true,"href":"https:\/\/www.ilevia.com\/it\/wp-json\/wp\/v2\/pages\/6142"}],"wp:attachment":[{"href":"https:\/\/www.ilevia.com\/it\/wp-json\/wp\/v2\/media?parent=29039"}],"curies":[{"name":"wp","href":"https:\/\/api.w.org\/{rel}","templated":true}]}}