{"id":56485,"date":"2022-05-10T11:40:53","date_gmt":"2022-05-10T09:40:53","guid":{"rendered":"https:\/\/www.ilevia.com\/downloads\/firmware-images\/"},"modified":"2023-10-02T15:13:56","modified_gmt":"2023-10-02T13:13:56","slug":"immagini-firmware","status":"publish","type":"page","link":"https:\/\/www.ilevia.com\/it\/downloads\/immagini-firmware\/","title":{"rendered":"Immagini Firmware"},"content":{"rendered":"[et_pb_section fb_built=&#8221;1&#8243; _builder_version=&#8221;4.17.3&#8243; _module_preset=&#8221;default&#8221; custom_padding=&#8221;50px||25px||false|false&#8221; collapsed=&#8221;on&#8221; global_colors_info=&#8221;{}&#8221;][et_pb_row _builder_version=&#8221;4.16&#8243; _module_preset=&#8221;default&#8221; background_color=&#8221;rgba(0,0,0,0)&#8221; collapsed=&#8221;on&#8221; global_colors_info=&#8221;{}&#8221;][et_pb_column type=&#8221;4_4&#8243; _builder_version=&#8221;4.16&#8243; _module_preset=&#8221;default&#8221; global_colors_info=&#8221;{}&#8221;][et_pb_text _builder_version=&#8221;4.17.3&#8243; _module_preset=&#8221;default&#8221; header_font=&#8221;||||||||&#8221; global_colors_info=&#8221;{}&#8221;]\n<h1 style=\"text-align: center;\">DOWNLOAD REGISTRATI<\/h1>\n[\/et_pb_text][et_pb_text disabled_on=&#8221;on|on|off&#8221; _builder_version=&#8221;4.17.3&#8243; _module_preset=&#8221;default&#8221; text_font_size=&#8221;16px&#8221; text_line_height=&#8221;1.8em&#8221; header_2_font=&#8221;|300|||||||&#8221; header_3_font=&#8221;||||||||&#8221; global_colors_info=&#8221;{}&#8221;]\n<p id=\"tw-target-text\" class=\"tw-data-text tw-text-large tw-ta\" dir=\"ltr\" style=\"text-align: center;\" data-placeholder=\"Traduzione\"><span class=\"Y2IQFc\" lang=\"en\">Grazie per l&#8217;invio! Qui puoi scaricare le ultime versioni delle immagini del firmware del server Ilevia.<br \/>Come tester, utilizzeremo le tue informazioni di contatto per tenerti aggiornato sulle ultime evoluzioni del sistema.<\/span><\/p>\n[\/et_pb_text][et_pb_text disabled_on=&#8221;off|off|on&#8221; _builder_version=&#8221;4.17.3&#8243; _module_preset=&#8221;default&#8221; text_font_size=&#8221;16px&#8221; text_line_height=&#8221;1.8em&#8221; header_2_font=&#8221;|300|||||||&#8221; header_3_font=&#8221;||||||||&#8221; global_colors_info=&#8221;{}&#8221;]\n<p id=\"tw-target-text\" class=\"tw-data-text tw-text-large tw-ta\" dir=\"ltr\" style=\"text-align: center;\" data-placeholder=\"Traduzione\"><span class=\"Y2IQFc\" lang=\"en\">Grazie per l&#8217;invio! Qui puoi scaricare le ultime versioni delle immagini del firmware del server Ilevia.<br \/>Come tester, utilizzeremo le tue informazioni di contatto per tenerti aggiornato sulle ultime evoluzioni del sistema.<\/span><\/p>\n[\/et_pb_text][\/et_pb_column][\/et_pb_row][\/et_pb_section][et_pb_section fb_built=&#8221;1&#8243; _builder_version=&#8221;4.16.0&#8243; _module_preset=&#8221;default&#8221; collapsed=&#8221;on&#8221; global_colors_info=&#8221;{}&#8221;][et_pb_row _builder_version=&#8221;4.16&#8243; _module_preset=&#8221;default&#8221; background_color=&#8221;rgba(0,0,0,0)&#8221; collapsed=&#8221;on&#8221; global_colors_info=&#8221;{}&#8221;][et_pb_column type=&#8221;4_4&#8243; _builder_version=&#8221;4.16&#8243; _module_preset=&#8221;default&#8221; global_colors_info=&#8221;{}&#8221;][et_pb_text _builder_version=&#8221;4.17.3&#8243; _module_preset=&#8221;default&#8221; global_colors_info=&#8221;{}&#8221;]\n<h2 style=\"text-align: center;\">Immagini Firmware<\/h2>\n[\/et_pb_text][\/et_pb_column][\/et_pb_row][\/et_pb_section][et_pb_section fb_built=&#8221;1&#8243; _builder_version=&#8221;4.17.3&#8243; _module_preset=&#8221;default&#8221; custom_padding=&#8221;||25px||false|false&#8221; collapsed=&#8221;on&#8221; global_colors_info=&#8221;{}&#8221;][et_pb_row column_structure=&#8221;1_2,1_6,1_6,1_6&#8243; _builder_version=&#8221;4.16&#8243; _module_preset=&#8221;default&#8221; background_color=&#8221;rgba(0,0,0,0)&#8221; collapsed=&#8221;on&#8221; global_colors_info=&#8221;{}&#8221;][et_pb_column type=&#8221;1_2&#8243; _builder_version=&#8221;4.16&#8243; _module_preset=&#8221;default&#8221; global_colors_info=&#8221;{}&#8221;][et_pb_text _builder_version=&#8221;4.17.3&#8243; _module_preset=&#8221;default&#8221; text_font_size=&#8221;18px&#8221; text_line_height=&#8221;1.8em&#8221; global_colors_info=&#8221;{}&#8221;]\n<p>Immagine firmware (.ova) per Virtual Machine<\/p>\n[\/et_pb_text][\/et_pb_column][et_pb_column type=&#8221;1_6&#8243; _builder_version=&#8221;4.16&#8243; _module_preset=&#8221;default&#8221; global_colors_info=&#8221;{}&#8221;][\/et_pb_column][et_pb_column type=&#8221;1_6&#8243; _builder_version=&#8221;4.16&#8243; _module_preset=&#8221;default&#8221; global_colors_info=&#8221;{}&#8221;][\/et_pb_column][et_pb_column type=&#8221;1_6&#8243; _builder_version=&#8221;4.16&#8243; _module_preset=&#8221;default&#8221; global_colors_info=&#8221;{}&#8221;][et_pb_blurb title=&#8221;Download&#8221; url_new_window=&#8221;on&#8221; use_icon=&#8221;on&#8221; font_icon=&#8221;&#xf1c6;||fa||400&#8243; icon_placement=&#8221;left&#8221; image_icon_width=&#8221;21px&#8221; _builder_version=&#8221;4.17.3&#8243; _module_preset=&#8221;default&#8221; header_font=&#8221;|300|||||||&#8221; header_text_color=&#8221;#c00d0d&#8221; body_text_color=&#8221;#c00d0d&#8221; animation=&#8221;off&#8221; link_option_url=&#8221;http:\/\/www.ilevia.com\/download\/virtualmachine\/vmlastrelease.zip&#8221; link_option_url_new_window=&#8221;on&#8221; global_colors_info=&#8221;{}&#8221;][\/et_pb_blurb][\/et_pb_column][\/et_pb_row][et_pb_row column_structure=&#8221;1_2,1_6,1_6,1_6&#8243; _builder_version=&#8221;4.16&#8243; _module_preset=&#8221;default&#8221; background_color=&#8221;rgba(0,0,0,0)&#8221; collapsed=&#8221;on&#8221; global_colors_info=&#8221;{}&#8221;][et_pb_column type=&#8221;1_2&#8243; _builder_version=&#8221;4.16&#8243; _module_preset=&#8221;default&#8221; global_colors_info=&#8221;{}&#8221;][et_pb_text _builder_version=&#8221;4.17.3&#8243; _module_preset=&#8221;default&#8221; text_font_size=&#8221;18px&#8221; text_line_height=&#8221;1.8em&#8221; global_colors_info=&#8221;{}&#8221;]\n<p>Immagine firmware (.img) per Raspberry Pi<\/p>\n[\/et_pb_text][\/et_pb_column][et_pb_column type=&#8221;1_6&#8243; _builder_version=&#8221;4.16&#8243; _module_preset=&#8221;default&#8221; global_colors_info=&#8221;{}&#8221;][\/et_pb_column][et_pb_column type=&#8221;1_6&#8243; _builder_version=&#8221;4.16&#8243; _module_preset=&#8221;default&#8221; global_colors_info=&#8221;{}&#8221;][\/et_pb_column][et_pb_column type=&#8221;1_6&#8243; _builder_version=&#8221;4.16&#8243; _module_preset=&#8221;default&#8221; global_colors_info=&#8221;{}&#8221;][et_pb_blurb title=&#8221;Download&#8221; url_new_window=&#8221;on&#8221; use_icon=&#8221;on&#8221; font_icon=&#8221;&#xf1c6;||fa||400&#8243; icon_placement=&#8221;left&#8221; image_icon_width=&#8221;21px&#8221; _builder_version=&#8221;4.17.3&#8243; _module_preset=&#8221;default&#8221; header_font=&#8221;|300|||||||&#8221; header_text_color=&#8221;#c00d0d&#8221; animation=&#8221;off&#8221; link_option_url=&#8221;http:\/\/www.ilevia.com\/download\/raspberry\/raspberry_lastrelease.zip&#8221; link_option_url_new_window=&#8221;on&#8221; global_colors_info=&#8221;{}&#8221;][\/et_pb_blurb][\/et_pb_column][\/et_pb_row][\/et_pb_section][et_pb_section fb_built=&#8221;1&#8243; _builder_version=&#8221;4.17.3&#8243; _module_preset=&#8221;default&#8221; min_height=&#8221;300px&#8221; custom_padding=&#8221;50px||100px||false|false&#8221; collapsed=&#8221;on&#8221; global_colors_info=&#8221;{}&#8221;][et_pb_row _builder_version=&#8221;4.16&#8243; _module_preset=&#8221;default&#8221; background_color=&#8221;rgba(0,0,0,0)&#8221; collapsed=&#8221;on&#8221; global_colors_info=&#8221;{}&#8221;][et_pb_column type=&#8221;4_4&#8243; _builder_version=&#8221;4.16&#8243; _module_preset=&#8221;default&#8221; global_colors_info=&#8221;{}&#8221;][et_pb_text _builder_version=&#8221;4.17.3&#8243; _module_preset=&#8221;default&#8221; header_font=&#8221;|300|||||||&#8221; header_6_text_color=&#8221;#1c82f1&#8243; global_colors_info=&#8221;{}&#8221;]\n<h1 style=\"text-align: center;\">Domande Frequenti<\/h1>\n[\/et_pb_text][et_pb_text _builder_version=&#8221;4.16.0&#8243; _module_preset=&#8221;default&#8221; text_font_size=&#8221;16px&#8221; text_line_height=&#8221;1.8em&#8221; global_colors_info=&#8221;{}&#8221;]\n<p style=\"text-align: center;\">Le domande pi\u00f9 frequenti sui prodotti Ilevia, le funzionalit\u00e0 software e app, il supporto tecnico e la formazione.<\/p>\n[\/et_pb_text][\/et_pb_column][\/et_pb_row][et_pb_row _builder_version=&#8221;4.16&#8243; _module_preset=&#8221;default&#8221; background_color=&#8221;rgba(0,0,0,0)&#8221; collapsed=&#8221;on&#8221; global_colors_info=&#8221;{}&#8221;][et_pb_column type=&#8221;4_4&#8243; _builder_version=&#8221;4.16&#8243; _module_preset=&#8221;default&#8221; global_colors_info=&#8221;{}&#8221;][et_pb_accordion open_toggle_text_color=&#8221;#c00d0d&#8221; open_toggle_background_color=&#8221;#FFFFFF&#8221; closed_toggle_text_color=&#8221;#000000&#8243; closed_toggle_background_color=&#8221;#FFFFFF&#8221; toggle_icon=&#8221;&#x33;||divi||400&#8243; icon_color=&#8221;#000000&#8243; use_icon_font_size=&#8221;on&#8221; icon_font_size=&#8221;30px&#8221; _builder_version=&#8221;4.16.0&#8243; _module_preset=&#8221;default&#8221; toggle_text_color=&#8221;#000000&#8243; toggle_level=&#8221;h3&#8243; closed_toggle_font_size=&#8221;22px&#8221; border_width_all=&#8221;0px&#8221; border_width_bottom=&#8221;1px&#8221; border_color_bottom=&#8221;#000000&#8243; global_colors_info=&#8221;{}&#8221;][et_pb_accordion_item title=&#8221;1. Esiste una demo del sistema di supervisione Ilevia?&#8221; open=&#8221;on&#8221; _builder_version=&#8221;4.16&#8243; _module_preset=&#8221;default&#8221; global_colors_info=&#8221;{}&#8221;]\n<div class=\"et_pb_module et_pb_text et_pb_text_4  et_pb_text_align_left et_pb_bg_layout_light\">\n<div class=\"et_pb_text_inner\">\n<p>S\u00ec, abbiamo realizzato una demo per permetterti di provare la user experience della supervisione Ilevia. Puoi provarla seguendo questo <a href=\"http:\/\/www.ilevia.com\/it\/live-demo\/\" target=\"_blank\" rel=\"noopener\">link<\/a>.<\/p>\n<\/div>\n<\/div>\n[\/et_pb_accordion_item][et_pb_accordion_item title=&#8221;2. \u00c8 possibile eseguire dei test sul sistema Ilevia prima di effettuare un ordine?&#8221; _builder_version=&#8221;4.16&#8243; _module_preset=&#8221;default&#8221; global_colors_info=&#8221;{}&#8221;]\n<div class=\"et_pb_module et_pb_text et_pb_text_4  et_pb_text_align_left et_pb_bg_layout_light\">\n<div class=\"et_pb_text_inner\">\n<p>S\u00ec, \u00e8 possibile eseguire dei test utilizzando la versione gratuita del software Ilevia per macchina virtuale e Raspberry Pi. Maggiori informazioni <a href=\"http:\/\/support.ilevia.com\/quickstart\/\" target=\"_blank\" rel=\"noopener\">qui<\/a>.<\/p>\n<\/div>\n<\/div>\n[\/et_pb_accordion_item][et_pb_accordion_item title=&#8221;3. La versione gratuita del software Ilevia ha delle limitazioni per i test?&#8221; _builder_version=&#8221;4.16&#8243; _module_preset=&#8221;default&#8221; global_colors_info=&#8221;{}&#8221;]\n<div class=\"et_pb_module et_pb_text et_pb_text_4  et_pb_text_align_left et_pb_bg_layout_light\">\n<div class=\"et_pb_text_inner\">\n<div class=\"et_pb_module et_pb_text et_pb_text_2  et_pb_text_align_left et_pb_bg_layout_light\">\n<div class=\"et_pb_text_inner\">\n<p>La versione gratuita del software Ilevia non ha limitazioni in termini di funzionalit\u00e0. Il tempo di funzionamento del software \u00e8 per\u00f2 limitato a 168 ore di funzionamento.<strong><br \/><\/strong><\/p>\n<\/div>\n<\/div>\n<\/div>\n<\/div>\n[\/et_pb_accordion_item][et_pb_accordion_item title=&#8221;4. Ci sono costi aggiuntivi per gestire pi\u00f9 indirizzi di gruppo KNX o altri sistemi?&#8221; _builder_version=&#8221;4.16&#8243; _module_preset=&#8221;default&#8221; global_colors_info=&#8221;{}&#8221;]\n<div class=\"et_pb_module et_pb_text et_pb_text_4  et_pb_text_align_left et_pb_bg_layout_light\">\n<div class=\"et_pb_text_inner\">\n<div class=\"et_pb_module et_pb_text et_pb_text_2  et_pb_text_align_left et_pb_bg_layout_light\">\n<div class=\"et_pb_text_inner\">\n<p align=\"JUSTIFY\">No, non ci sono costi aggiuntivi per gestire pi\u00f9 indirizzi di gruppo KNX o altri sistemi (es. Modbus). Ilevia X1 \u00e8 una soluzione All-In-One che supporta diversi protocolli e sistemi e che fornisce innumerevoli moduli software. Tutto questo \u00e8 disponibile senza limitazioni in un&#8217;unica licenza d&#8217;uso illimitata.<strong><br \/><\/strong><\/p>\n<\/div>\n<\/div>\n<\/div>\n<\/div>\n[\/et_pb_accordion_item][et_pb_accordion_item title=&#8221;5. Gli aggiornamenti sono inclusi? Qual \u00e8 la vostra politica per gli upgrade del sistema Ilevia?&#8221; _builder_version=&#8221;4.16&#8243; _module_preset=&#8221;default&#8221; global_colors_info=&#8221;{}&#8221;]\n<div class=\"et_pb_module et_pb_text et_pb_text_4  et_pb_text_align_left et_pb_bg_layout_light\">\n<div class=\"et_pb_text_inner\">\n<div class=\"et_pb_module et_pb_text et_pb_text_2  et_pb_text_align_left et_pb_bg_layout_light\">\n<div class=\"et_pb_text_inner\">\n<p align=\"JUSTIFY\">Tutti gli aggiornamenti di sistema Ilevia (non sono automatici) sono inclusi, quindi gratuiti, per tutti i software, protocolli, sistemi e moduli supportati al momento dell&#8217;acquisto. Per l&#8217;utilizzo di protocolli, sistemi e\/o moduli software implementati dopo il tuo acquisto, richiediamo un upgrade all&#8217;ultima versione software disponibile pagabile su richiesta o su base annuale per mantenere il tuo sistema Ilevia sempre all&#8217;ultima versione disponibile.<\/p>\n<\/div>\n<\/div>\n<\/div>\n<\/div>\n[\/et_pb_accordion_item][et_pb_accordion_item title=&#8221;6. Come fornite l&#8217;assistenza tecnica e la formazione necessari?&#8221; _builder_version=&#8221;4.16&#8243; _module_preset=&#8221;default&#8221; global_colors_info=&#8221;{}&#8221;]\n<div class=\"et_pb_module et_pb_text et_pb_text_4  et_pb_text_align_left et_pb_bg_layout_light\">\n<div class=\"et_pb_text_inner\">\n<div class=\"et_pb_module et_pb_text et_pb_text_2  et_pb_text_align_left et_pb_bg_layout_light\">\n<div class=\"et_pb_text_inner\">\n<p align=\"JUSTIFY\">Il nostro team \u00e8 a tua disposizione durante tutto l&#8217;orario di lavoro. Puoi raggiungerci utilizzando la linea diretta dell&#8217;assistanza tecnica o scrivendo all&#8217;indirizzo email dedicato (no ticket). Puoi contattarci anche su Skype e fissare appuntamenti dedicati per risolvere ogni possibile problema. I nostri sforzi mirano a un supporto maniacale per fornirti la migliore esperienza di servizio che potresti desiderare dal tuo fornitore. Ti supportiamo con un sito tecnico dedicato che raccoglie tutti i contenuti tecnici utili a fugare ogni dubbio sul sistema e che ti permette di imparare da solo prima di richiedere il nostro eventuale aiuto.<\/p>\n<\/div>\n<\/div>\n<\/div>\n<\/div>\n[\/et_pb_accordion_item][et_pb_accordion_item title=&#8221;7. I dispositivi KNX possono essere configurati utilizzando ETS tramite il server Ilevia X1?&#8221; _builder_version=&#8221;4.16&#8243; _module_preset=&#8221;default&#8221; global_colors_info=&#8221;{}&#8221;]\n<div class=\"et_pb_module et_pb_text et_pb_text_4  et_pb_text_align_left et_pb_bg_layout_light\">\n<div class=\"et_pb_text_inner\">\n<div class=\"et_pb_module et_pb_text et_pb_text_2  et_pb_text_align_left et_pb_bg_layout_light\">\n<div class=\"et_pb_text_inner\">\n<p align=\"JUSTIFY\">S\u00ec, i dispositivi KNX possono essere configurati utilizzando ETS tramite il server Ilevia X1, anche da remoto aprendo la porta del router richiesta allo scopo.<\/p>\n<\/div>\n<\/div>\n<\/div>\n<\/div>\n[\/et_pb_accordion_item][et_pb_accordion_item title=&#8221;8. \u00c8 necessario installare il Web Server By-me per connettersi al bus?&#8221; _builder_version=&#8221;4.16&#8243; _module_preset=&#8221;default&#8221; global_colors_info=&#8221;{}&#8221;]\n<div class=\"et_pb_module et_pb_text et_pb_text_4  et_pb_text_align_left et_pb_bg_layout_light\">\n<div class=\"et_pb_text_inner\">No, non \u00e8 necessario installare il Web Server By-me perch\u00e9 il server Ilevia X1 prevede un nodo KNX per collegarsi direttamente alla rete bus.<\/div>\n<\/div>\n[\/et_pb_accordion_item][et_pb_accordion_item title=&#8221;9. Il sistema Ilevia pu\u00f2 essere integrato da altri sistemi BMS?&#8221; _builder_version=&#8221;4.16&#8243; _module_preset=&#8221;default&#8221; global_colors_info=&#8221;{}&#8221;]\n<div class=\"et_pb_module et_pb_text et_pb_text_4  et_pb_text_align_left et_pb_bg_layout_light\">\n<div>S\u00ec, il sistema Ilevia pu\u00f2 essere integrato da altri sistemi BMS tramite il protocollo MQTT.<\/div>\n<\/div>\n[\/et_pb_accordion_item][et_pb_accordion_item title=&#8221;10. La soluzione Ilevia \u00e8 un sistema basato su cloud?&#8221; _builder_version=&#8221;4.16&#8243; _module_preset=&#8221;default&#8221; global_colors_info=&#8221;{}&#8221;]\n<div class=\"et_pb_module et_pb_text et_pb_text_4  et_pb_text_align_left et_pb_bg_layout_light\">\n<div>No, la soluzione Ilevia non richiede necessariamente l&#8217;utilizzo del cloud e funziona localmente anche in assenza di connessione internet.<\/div>\n<\/div>\n[\/et_pb_accordion_item][\/et_pb_accordion][\/et_pb_column][\/et_pb_row][\/et_pb_section]\n","protected":false},"excerpt":{"rendered":"<p>DOWNLOAD REGISTRATIGrazie per l&#8217;invio! Qui puoi scaricare le ultime versioni delle immagini del firmware del server Ilevia.Come tester, utilizzeremo le tue informazioni di contatto per tenerti aggiornato sulle ultime evoluzioni del sistema.Grazie per l&#8217;invio! Qui puoi scaricare le ultime versioni delle immagini del firmware del server Ilevia.Come tester, utilizzeremo le tue informazioni di contatto per [&hellip;]<\/p>\n","protected":false},"author":18,"featured_media":0,"parent":24843,"menu_order":0,"comment_status":"closed","ping_status":"closed","template":"","meta":{"_et_pb_use_builder":"on","_et_pb_old_content":"","_et_gb_content_width":"","inline_featured_image":false,"_monsterinsights_skip_tracking":false,"_monsterinsights_sitenote_active":false,"_monsterinsights_sitenote_note":"","_monsterinsights_sitenote_category":0,"footnotes":""},"class_list":["post-56485","page","type-page","status-publish","hentry"],"_links":{"self":[{"href":"https:\/\/www.ilevia.com\/it\/wp-json\/wp\/v2\/pages\/56485","targetHints":{"allow":["GET"]}}],"collection":[{"href":"https:\/\/www.ilevia.com\/it\/wp-json\/wp\/v2\/pages"}],"about":[{"href":"https:\/\/www.ilevia.com\/it\/wp-json\/wp\/v2\/types\/page"}],"author":[{"embeddable":true,"href":"https:\/\/www.ilevia.com\/it\/wp-json\/wp\/v2\/users\/18"}],"replies":[{"embeddable":true,"href":"https:\/\/www.ilevia.com\/it\/wp-json\/wp\/v2\/comments?post=56485"}],"version-history":[{"count":0,"href":"https:\/\/www.ilevia.com\/it\/wp-json\/wp\/v2\/pages\/56485\/revisions"}],"up":[{"embeddable":true,"href":"https:\/\/www.ilevia.com\/it\/wp-json\/wp\/v2\/pages\/24843"}],"wp:attachment":[{"href":"https:\/\/www.ilevia.com\/it\/wp-json\/wp\/v2\/media?parent=56485"}],"curies":[{"name":"wp","href":"https:\/\/api.w.org\/{rel}","templated":true}]}}